{"id":4930,"date":"2020-01-22T17:17:51","date_gmt":"2020-01-22T16:17:51","guid":{"rendered":"https:\/\/tendeandmore.com\/spedizioni\/"},"modified":"2023-04-07T09:48:02","modified_gmt":"2023-04-07T07:48:02","slug":"versand","status":"publish","type":"page","link":"https:\/\/www.tendeandmore.com\/de\/versand\/","title":{"rendered":"Versand"},"content":{"rendered":"<h3 class=\"title-paragraph\">Zeiten<\/h3>\n<p>Die Sendungen werden per Kurier <strong>BRT Corriere Espresso<\/strong> innerhalb der in den <a href=\"https:\/\/tendeandmore.com\/de\/verkaufsbedingungen\/\">Allgemeinen Online-Verkaufsbedingungen<\/a> angegebenen Zeiten versandt und erreichen den Bestimmungsort innerhalb von 10 Werktagen ab dem Datum der Bestellbest\u00e4tigung (15-20 Tage f\u00fcr <strong>ma\u00dfgefertigte Produkte<\/strong>).<\/p>\n<p>Bei Auslieferungen auf die Inseln Sizilien und Sardinien k\u00f6nnen sich die Lieferzeiten um 1 \u2013 2 Tage verl\u00e4ngern. Bei h\u00f6herer Gewalt (siehe <a href=\"https:\/\/tendeandmore.com\/de\/verkaufsbedingungen\/\">Allgemeine Verkaufsbedingungen<\/a>) oder Streiks des Expresskuriers k\u00f6nnen sich die Lieferzeiten verl\u00e4ngern.<\/p>\n<table class=\"tb-border\" width=\"100%\">\n<thead>\n<tr>\n<td width=\"30%\"><\/td>\n<td style=\"text-align: center;\" width=\"35%\">Versandkosten<\/td>\n<\/tr>\n<\/thead>\n<tbody>\n<tr>\n<td>Kurier BRT<\/td>\n<td style=\"text-align: center;\">\u20ac 4,50 (einschlie\u00dflich Mehrwertsteuer)<\/td>\n<\/tr>\n<\/tbody>\n<\/table>\n<h3><\/h3>\n<p>&nbsp;<\/p>\n<h3 class=\"title-paragraph\">Besch\u00e4digtes Paket<\/h3>\n<p>Eventuelle externe Besch\u00e4digungen oder die Nicht\u00fcbereinstimmung der Anzahl der Frachtst\u00fccke oder der Angaben m\u00fcssen unverz\u00fcglich beim Kurier, der die Lieferung durchf\u00fchrt, beanstandet werden, indem die Aufschrift \u201cAnnahme unter Vorbehalt\u201d auf dem entsprechenden Begleitdokument angebracht und innerhalb von 8 (acht) Tagen mittels Versand eines Einschreibens mit R\u00fcckantwort an den Kurier, dessen Adresse auf dem Begleitdokument angegeben ist, gesendet wird. Schreiben Sie im spezifischen Fall eines besch\u00e4digten Paktes \u201cAnnahme unter Vorbehalt, weil das Paket besch\u00e4digt ist\u201d.<br \/>\nNach Unterzeichnung des Dokuments des Kuriers kann der Verbraucher keine Beanstandungen bez\u00fcglich der Merkmale der gelieferten Frachtst\u00fccke vorbringen, vorbehaltlich der Bestimmungen gem\u00e4\u00df Art. 14 der Verkaufsbedingungen (Widerrufsrecht).<\/p>\n<p>&nbsp;<\/p>\n<h3 class=\"title-paragraph\">Tracking<\/h3>\n<p>Falls vorgesehen, wird die Tracking-Nummer bereitgestellt, um den Status Ihrer Bestellung zu \u00fcberpr\u00fcfen.<\/p>\n","protected":false},"excerpt":{"rendered":"<p>Zeiten Die Sendungen werden per Kurier BRT Corriere Espresso innerhalb der in den Allgemeinen Online-Verkaufsbedingungen angegebenen Zeiten versandt und erreichen den Bestimmungsort innerhalb von 10 Werktagen ab dem Datum der Bestellbest\u00e4tigung (15-20 Tage f\u00fcr ma\u00dfgefertigte Produkte). Bei Auslieferungen auf die Inseln Sizilien und Sardinien k\u00f6nnen sich die Lieferzeiten um 1 \u2013 2 Tage verl\u00e4ngern. Bei [&hellip;]<\/p>\n","protected":false},"author":14,"featured_media":0,"parent":0,"menu_order":90,"comment_status":"closed","ping_status":"closed","template":"tmpl-policy.php","meta":{"footnotes":""},"class_list":["post-4930","page","type-page","status-publish","hentry"],"acf":[],"yoast_head":"<!-- This site is optimized with the Yoast SEO plugin v24.8.1 - https:\/\/yoast.com\/wordpress\/plugins\/seo\/ -->\n<title>Versand | Tende &amp; More<\/title>\n<meta name=\"description\" content=\"Versandbedingungen f\u00fcr Tende &amp; More, Herstellung und Verkauf von ma\u00dfgefertigten Vorh\u00e4ngen f\u00fcr T\u00fcren.\" \/>\n<meta name=\"robots\" content=\"index, follow, max-snippet:-1, max-image-preview:large, max-video-preview:-1\" \/>\n<link rel=\"canonical\" href=\"https:\/\/www.tendeandmore.com\/de\/versand\/\" \/>\n<meta property=\"og:locale\" content=\"de_DE\" \/>\n<meta property=\"og:type\" content=\"article\" \/>\n<meta property=\"og:title\" content=\"Versand | Tende &amp; More\" \/>\n<meta property=\"og:description\" content=\"Versandbedingungen f\u00fcr Tende &amp; More, Herstellung und Verkauf von ma\u00dfgefertigten Vorh\u00e4ngen f\u00fcr T\u00fcren.\" \/>\n<meta property=\"og:url\" content=\"https:\/\/www.tendeandmore.com\/de\/versand\/\" \/>\n<meta property=\"og:site_name\" content=\"Tende &amp; More\" \/>\n<meta property=\"article:modified_time\" content=\"2023-04-07T07:48:02+00:00\" \/>\n<meta name=\"twitter:card\" content=\"summary_large_image\" \/>\n<meta name=\"twitter:label1\" content=\"Gesch\u00e4tzte Lesezeit\" \/>\n\t<meta name=\"twitter:data1\" content=\"2\u00a0Minuten\" \/>\n<script type=\"application\/ld+json\" class=\"yoast-schema-graph\">{\"@context\":\"https:\/\/schema.org\",\"@graph\":[{\"@type\":\"WebPage\",\"@id\":\"https:\/\/www.tendeandmore.com\/de\/versand\/\",\"url\":\"https:\/\/www.tendeandmore.com\/de\/versand\/\",\"name\":\"Versand | Tende &amp; More\",\"isPartOf\":{\"@id\":\"https:\/\/www.tendeandmore.com\/de\/#website\"},\"datePublished\":\"2020-01-22T16:17:51+00:00\",\"dateModified\":\"2023-04-07T07:48:02+00:00\",\"description\":\"Versandbedingungen f\u00fcr Tende & More, Herstellung und Verkauf von ma\u00dfgefertigten Vorh\u00e4ngen f\u00fcr T\u00fcren.\",\"inLanguage\":\"de\",\"potentialAction\":[{\"@type\":\"ReadAction\",\"target\":[\"https:\/\/www.tendeandmore.com\/de\/versand\/\"]}]},{\"@type\":\"WebSite\",\"@id\":\"https:\/\/www.tendeandmore.com\/de\/#website\",\"url\":\"https:\/\/www.tendeandmore.com\/de\/\",\"name\":\"Tende &amp; More\",\"description\":\"\",\"publisher\":{\"@id\":\"https:\/\/www.tendeandmore.com\/de\/#organization\"},\"potentialAction\":[{\"@type\":\"SearchAction\",\"target\":{\"@type\":\"EntryPoint\",\"urlTemplate\":\"https:\/\/www.tendeandmore.com\/de\/?s={search_term_string}\"},\"query-input\":{\"@type\":\"PropertyValueSpecification\",\"valueRequired\":true,\"valueName\":\"search_term_string\"}}],\"inLanguage\":\"de\"},{\"@type\":\"Organization\",\"@id\":\"https:\/\/www.tendeandmore.com\/de\/#organization\",\"name\":\"Tende & More\",\"url\":\"https:\/\/www.tendeandmore.com\/de\/\",\"logo\":{\"@type\":\"ImageObject\",\"inLanguage\":\"de\",\"@id\":\"https:\/\/www.tendeandmore.com\/de\/#\/schema\/logo\/image\/\",\"url\":\"https:\/\/tendeandmore.com\/wp-content\/uploads\/logo-tendeandmore.svg\",\"contentUrl\":\"https:\/\/tendeandmore.com\/wp-content\/uploads\/logo-tendeandmore.svg\",\"width\":1,\"height\":1,\"caption\":\"Tende & More\"},\"image\":{\"@id\":\"https:\/\/www.tendeandmore.com\/de\/#\/schema\/logo\/image\/\"}}]}<\/script>\n<!-- \/ Yoast SEO plugin. -->","yoast_head_json":{"title":"Versand | Tende &amp; More","description":"Versandbedingungen f\u00fcr Tende & More, Herstellung und Verkauf von ma\u00dfgefertigten Vorh\u00e4ngen f\u00fcr T\u00fcren.","robots":{"index":"index","follow":"follow","max-snippet":"max-snippet:-1","max-image-preview":"max-image-preview:large","max-video-preview":"max-video-preview:-1"},"canonical":"https:\/\/www.tendeandmore.com\/de\/versand\/","og_locale":"de_DE","og_type":"article","og_title":"Versand | Tende &amp; More","og_description":"Versandbedingungen f\u00fcr Tende & More, Herstellung und Verkauf von ma\u00dfgefertigten Vorh\u00e4ngen f\u00fcr T\u00fcren.","og_url":"https:\/\/www.tendeandmore.com\/de\/versand\/","og_site_name":"Tende &amp; More","article_modified_time":"2023-04-07T07:48:02+00:00","twitter_card":"summary_large_image","twitter_misc":{"Gesch\u00e4tzte Lesezeit":"2\u00a0Minuten"},"schema":{"@context":"https:\/\/schema.org","@graph":[{"@type":"WebPage","@id":"https:\/\/www.tendeandmore.com\/de\/versand\/","url":"https:\/\/www.tendeandmore.com\/de\/versand\/","name":"Versand | Tende &amp; More","isPartOf":{"@id":"https:\/\/www.tendeandmore.com\/de\/#website"},"datePublished":"2020-01-22T16:17:51+00:00","dateModified":"2023-04-07T07:48:02+00:00","description":"Versandbedingungen f\u00fcr Tende & More, Herstellung und Verkauf von ma\u00dfgefertigten Vorh\u00e4ngen f\u00fcr T\u00fcren.","inLanguage":"de","potentialAction":[{"@type":"ReadAction","target":["https:\/\/www.tendeandmore.com\/de\/versand\/"]}]},{"@type":"WebSite","@id":"https:\/\/www.tendeandmore.com\/de\/#website","url":"https:\/\/www.tendeandmore.com\/de\/","name":"Tende &amp; More","description":"","publisher":{"@id":"https:\/\/www.tendeandmore.com\/de\/#organization"},"potentialAction":[{"@type":"SearchAction","target":{"@type":"EntryPoint","urlTemplate":"https:\/\/www.tendeandmore.com\/de\/?s={search_term_string}"},"query-input":{"@type":"PropertyValueSpecification","valueRequired":true,"valueName":"search_term_string"}}],"inLanguage":"de"},{"@type":"Organization","@id":"https:\/\/www.tendeandmore.com\/de\/#organization","name":"Tende & More","url":"https:\/\/www.tendeandmore.com\/de\/","logo":{"@type":"ImageObject","inLanguage":"de","@id":"https:\/\/www.tendeandmore.com\/de\/#\/schema\/logo\/image\/","url":"https:\/\/tendeandmore.com\/wp-content\/uploads\/logo-tendeandmore.svg","contentUrl":"https:\/\/tendeandmore.com\/wp-content\/uploads\/logo-tendeandmore.svg","width":1,"height":1,"caption":"Tende & More"},"image":{"@id":"https:\/\/www.tendeandmore.com\/de\/#\/schema\/logo\/image\/"}}]}},"_links":{"self":[{"href":"https:\/\/www.tendeandmore.com\/de\/wp-json\/wp\/v2\/pages\/4930","targetHints":{"allow":["GET"]}}],"collection":[{"href":"https:\/\/www.tendeandmore.com\/de\/wp-json\/wp\/v2\/pages"}],"about":[{"href":"https:\/\/www.tendeandmore.com\/de\/wp-json\/wp\/v2\/types\/page"}],"author":[{"embeddable":true,"href":"https:\/\/www.tendeandmore.com\/de\/wp-json\/wp\/v2\/users\/14"}],"replies":[{"embeddable":true,"href":"https:\/\/www.tendeandmore.com\/de\/wp-json\/wp\/v2\/comments?post=4930"}],"version-history":[{"count":3,"href":"https:\/\/www.tendeandmore.com\/de\/wp-json\/wp\/v2\/pages\/4930\/revisions"}],"predecessor-version":[{"id":5027,"href":"https:\/\/www.tendeandmore.com\/de\/wp-json\/wp\/v2\/pages\/4930\/revisions\/5027"}],"wp:attachment":[{"href":"https:\/\/www.tendeandmore.com\/de\/wp-json\/wp\/v2\/media?parent=4930"}],"curies":[{"name":"wp","href":"https:\/\/api.w.org\/{rel}","templated":true}]}}