{"id":4931,"date":"2020-01-22T17:11:21","date_gmt":"2020-01-22T16:11:21","guid":{"rendered":"https:\/\/tendeandmore.com\/pagamenti\/"},"modified":"2023-04-07T09:42:27","modified_gmt":"2023-04-07T07:42:27","slug":"zahlungen","status":"publish","type":"page","link":"https:\/\/www.tendeandmore.com\/de\/zahlungen\/","title":{"rendered":"Zahlungen"},"content":{"rendered":"<h3 class=\"title-paragraph\">Zahlungsarten<\/h3>\n<p><em><strong>Tende&amp;More<\/strong><\/em> verwendet sichere und mittels PayPal, Bank\u00fcberweisung und Nachnahme gew\u00e4hrleistete Zahlungssysteme.<\/p>\n<div style=\"margin: 30px 0 0 30px;\">\n<p><strong>1- PayPal<\/strong><\/p>\n<p>Paypal ist ein Unternehmen, das digitale Zahlungs- und Geldtransferdienste mittels Internet anbietet. Millionen von Kunden verwenden <a href=\"http:\/\/www.paypal.it\/\">PayPal<\/a> aus einem einfachen Grund: es ist einfach. Geben Sie nur die E-Mail und das Passwort ein und mit wenigen Klicks ist die Zahlung abgeschlossen.<\/p>\n<p><strong>2- Bank\u00fcberweisung<\/strong><\/p>\n<p>F\u00fcr die Zahlung per Bank\u00fcberweisung kontaktieren Sie uns bitte per E-Mail unter <a href=\"mailto:info@tendeandmore.com\">info@tendeandmore.com<\/a>.<\/p>\n<p><strong>3- Nachnahme<\/strong><\/p>\n<p>Die Zahlung per Nachnahme beinhaltet Zusatzkosten in H\u00f6he von <strong>5,00\u20ac<\/strong> und kann in Bar direkt beim Kurier erfolgen (wir empfehlen, den passenden Betrag zur Hand zu haben).<\/p>\n<\/div>\n<p>&nbsp;<\/p>\n<h3 class=\"title-paragraph\">Sicherheit<\/h3>\n<p><em>Das Unternehmen<strong> Tende&amp;More<\/strong><\/em> gew\u00e4hrleistet ein sicheres Kauferlebnis, weil es die h\u00f6chsten Sicherheitsstandards verwendet, um Ihre personenbezogenen Daten und die Informationen in Bezug auf Ihre Kreditkarte vor unbefugten Zugriffen zu sch\u00fctzen. Ihre Transaktionen sind dank der Verwendung der fortschrittlichsten Technologien und Verschl\u00fcsselungssysteme (SSL) gesch\u00fctzt.<\/p>\n","protected":false},"excerpt":{"rendered":"<p>Zahlungsarten Tende&amp;More verwendet sichere und mittels PayPal, Bank\u00fcberweisung und Nachnahme gew\u00e4hrleistete Zahlungssysteme. 1- PayPal Paypal ist ein Unternehmen, das digitale Zahlungs- und Geldtransferdienste mittels Internet anbietet. Millionen von Kunden verwenden PayPal aus einem einfachen Grund: es ist einfach. Geben Sie nur die E-Mail und das Passwort ein und mit wenigen Klicks ist die Zahlung abgeschlossen. [&hellip;]<\/p>\n","protected":false},"author":14,"featured_media":0,"parent":0,"menu_order":91,"comment_status":"closed","ping_status":"closed","template":"tmpl-policy.php","meta":{"footnotes":""},"class_list":["post-4931","page","type-page","status-publish","hentry"],"acf":[],"yoast_head":"<!-- This site is optimized with the Yoast SEO plugin v24.8.1 - https:\/\/yoast.com\/wordpress\/plugins\/seo\/ -->\n<title>Zahlungsarten | Tende &amp; More<\/title>\n<meta name=\"description\" content=\"Zahlungsarten f\u00fcr den Kauf auf Tende &amp; More, Herstellung und Verkauf von ma\u00dfgefertigten Vorh\u00e4ngen f\u00fcr T\u00fcren.\" \/>\n<meta name=\"robots\" content=\"index, follow, max-snippet:-1, max-image-preview:large, max-video-preview:-1\" \/>\n<link rel=\"canonical\" href=\"https:\/\/www.tendeandmore.com\/de\/zahlungen\/\" \/>\n<meta property=\"og:locale\" content=\"de_DE\" \/>\n<meta property=\"og:type\" content=\"article\" \/>\n<meta property=\"og:title\" content=\"Zahlungsarten | Tende &amp; More\" \/>\n<meta property=\"og:description\" content=\"Zahlungsarten f\u00fcr den Kauf auf Tende &amp; More, Herstellung und Verkauf von ma\u00dfgefertigten Vorh\u00e4ngen f\u00fcr T\u00fcren.\" \/>\n<meta property=\"og:url\" content=\"https:\/\/www.tendeandmore.com\/de\/zahlungen\/\" \/>\n<meta property=\"og:site_name\" content=\"Tende &amp; More\" \/>\n<meta property=\"article:modified_time\" content=\"2023-04-07T07:42:27+00:00\" \/>\n<meta name=\"twitter:card\" content=\"summary_large_image\" \/>\n<meta name=\"twitter:label1\" content=\"Gesch\u00e4tzte Lesezeit\" \/>\n\t<meta name=\"twitter:data1\" content=\"1\u00a0Minute\" \/>\n<script type=\"application\/ld+json\" class=\"yoast-schema-graph\">{\"@context\":\"https:\/\/schema.org\",\"@graph\":[{\"@type\":\"WebPage\",\"@id\":\"https:\/\/www.tendeandmore.com\/de\/zahlungen\/\",\"url\":\"https:\/\/www.tendeandmore.com\/de\/zahlungen\/\",\"name\":\"Zahlungsarten | Tende & More\",\"isPartOf\":{\"@id\":\"https:\/\/www.tendeandmore.com\/de\/#website\"},\"datePublished\":\"2020-01-22T16:11:21+00:00\",\"dateModified\":\"2023-04-07T07:42:27+00:00\",\"description\":\"Zahlungsarten f\u00fcr den Kauf auf Tende & More, Herstellung und Verkauf von ma\u00dfgefertigten Vorh\u00e4ngen f\u00fcr T\u00fcren.\",\"inLanguage\":\"de\",\"potentialAction\":[{\"@type\":\"ReadAction\",\"target\":[\"https:\/\/www.tendeandmore.com\/de\/zahlungen\/\"]}]},{\"@type\":\"WebSite\",\"@id\":\"https:\/\/www.tendeandmore.com\/de\/#website\",\"url\":\"https:\/\/www.tendeandmore.com\/de\/\",\"name\":\"Tende &amp; More\",\"description\":\"\",\"publisher\":{\"@id\":\"https:\/\/www.tendeandmore.com\/de\/#organization\"},\"potentialAction\":[{\"@type\":\"SearchAction\",\"target\":{\"@type\":\"EntryPoint\",\"urlTemplate\":\"https:\/\/www.tendeandmore.com\/de\/?s={search_term_string}\"},\"query-input\":{\"@type\":\"PropertyValueSpecification\",\"valueRequired\":true,\"valueName\":\"search_term_string\"}}],\"inLanguage\":\"de\"},{\"@type\":\"Organization\",\"@id\":\"https:\/\/www.tendeandmore.com\/de\/#organization\",\"name\":\"Tende & More\",\"url\":\"https:\/\/www.tendeandmore.com\/de\/\",\"logo\":{\"@type\":\"ImageObject\",\"inLanguage\":\"de\",\"@id\":\"https:\/\/www.tendeandmore.com\/de\/#\/schema\/logo\/image\/\",\"url\":\"https:\/\/tendeandmore.com\/wp-content\/uploads\/logo-tendeandmore.svg\",\"contentUrl\":\"https:\/\/tendeandmore.com\/wp-content\/uploads\/logo-tendeandmore.svg\",\"width\":1,\"height\":1,\"caption\":\"Tende & More\"},\"image\":{\"@id\":\"https:\/\/www.tendeandmore.com\/de\/#\/schema\/logo\/image\/\"}}]}<\/script>\n<!-- \/ Yoast SEO plugin. -->","yoast_head_json":{"title":"Zahlungsarten | Tende & More","description":"Zahlungsarten f\u00fcr den Kauf auf Tende & More, Herstellung und Verkauf von ma\u00dfgefertigten Vorh\u00e4ngen f\u00fcr T\u00fcren.","robots":{"index":"index","follow":"follow","max-snippet":"max-snippet:-1","max-image-preview":"max-image-preview:large","max-video-preview":"max-video-preview:-1"},"canonical":"https:\/\/www.tendeandmore.com\/de\/zahlungen\/","og_locale":"de_DE","og_type":"article","og_title":"Zahlungsarten | Tende & More","og_description":"Zahlungsarten f\u00fcr den Kauf auf Tende & More, Herstellung und Verkauf von ma\u00dfgefertigten Vorh\u00e4ngen f\u00fcr T\u00fcren.","og_url":"https:\/\/www.tendeandmore.com\/de\/zahlungen\/","og_site_name":"Tende &amp; More","article_modified_time":"2023-04-07T07:42:27+00:00","twitter_card":"summary_large_image","twitter_misc":{"Gesch\u00e4tzte Lesezeit":"1\u00a0Minute"},"schema":{"@context":"https:\/\/schema.org","@graph":[{"@type":"WebPage","@id":"https:\/\/www.tendeandmore.com\/de\/zahlungen\/","url":"https:\/\/www.tendeandmore.com\/de\/zahlungen\/","name":"Zahlungsarten | Tende & More","isPartOf":{"@id":"https:\/\/www.tendeandmore.com\/de\/#website"},"datePublished":"2020-01-22T16:11:21+00:00","dateModified":"2023-04-07T07:42:27+00:00","description":"Zahlungsarten f\u00fcr den Kauf auf Tende & More, Herstellung und Verkauf von ma\u00dfgefertigten Vorh\u00e4ngen f\u00fcr T\u00fcren.","inLanguage":"de","potentialAction":[{"@type":"ReadAction","target":["https:\/\/www.tendeandmore.com\/de\/zahlungen\/"]}]},{"@type":"WebSite","@id":"https:\/\/www.tendeandmore.com\/de\/#website","url":"https:\/\/www.tendeandmore.com\/de\/","name":"Tende &amp; More","description":"","publisher":{"@id":"https:\/\/www.tendeandmore.com\/de\/#organization"},"potentialAction":[{"@type":"SearchAction","target":{"@type":"EntryPoint","urlTemplate":"https:\/\/www.tendeandmore.com\/de\/?s={search_term_string}"},"query-input":{"@type":"PropertyValueSpecification","valueRequired":true,"valueName":"search_term_string"}}],"inLanguage":"de"},{"@type":"Organization","@id":"https:\/\/www.tendeandmore.com\/de\/#organization","name":"Tende & More","url":"https:\/\/www.tendeandmore.com\/de\/","logo":{"@type":"ImageObject","inLanguage":"de","@id":"https:\/\/www.tendeandmore.com\/de\/#\/schema\/logo\/image\/","url":"https:\/\/tendeandmore.com\/wp-content\/uploads\/logo-tendeandmore.svg","contentUrl":"https:\/\/tendeandmore.com\/wp-content\/uploads\/logo-tendeandmore.svg","width":1,"height":1,"caption":"Tende & More"},"image":{"@id":"https:\/\/www.tendeandmore.com\/de\/#\/schema\/logo\/image\/"}}]}},"_links":{"self":[{"href":"https:\/\/www.tendeandmore.com\/de\/wp-json\/wp\/v2\/pages\/4931","targetHints":{"allow":["GET"]}}],"collection":[{"href":"https:\/\/www.tendeandmore.com\/de\/wp-json\/wp\/v2\/pages"}],"about":[{"href":"https:\/\/www.tendeandmore.com\/de\/wp-json\/wp\/v2\/types\/page"}],"author":[{"embeddable":true,"href":"https:\/\/www.tendeandmore.com\/de\/wp-json\/wp\/v2\/users\/14"}],"replies":[{"embeddable":true,"href":"https:\/\/www.tendeandmore.com\/de\/wp-json\/wp\/v2\/comments?post=4931"}],"version-history":[{"count":4,"href":"https:\/\/www.tendeandmore.com\/de\/wp-json\/wp\/v2\/pages\/4931\/revisions"}],"predecessor-version":[{"id":5025,"href":"https:\/\/www.tendeandmore.com\/de\/wp-json\/wp\/v2\/pages\/4931\/revisions\/5025"}],"wp:attachment":[{"href":"https:\/\/www.tendeandmore.com\/de\/wp-json\/wp\/v2\/media?parent=4931"}],"curies":[{"name":"wp","href":"https:\/\/api.w.org\/{rel}","templated":true}]}}