{"id":4932,"date":"2020-01-22T16:52:28","date_gmt":"2020-01-22T15:52:28","guid":{"rendered":"https:\/\/tendeandmore.com\/condizioni-di-vendita\/"},"modified":"2023-04-07T09:37:12","modified_gmt":"2023-04-07T07:37:12","slug":"verkaufsbedingungen","status":"publish","type":"page","link":"https:\/\/www.tendeandmore.com\/de\/verkaufsbedingungen\/","title":{"rendered":"Verkaufsbedingungen"},"content":{"rendered":"<p><strong>Nachstehend finden Sie die allgemeinen Gesch\u00e4ftsbedingungen, die den Online-Verkauf \u00fcber die Internetseite <em>www.tendeandmore.com\u00a0<\/em>regeln. Wir bitten Sie, dieses Dokument aufmerksam zu lesen, da Sie zum Zeitpunkt der Aufgabe eventueller Bestellungen aufgefordert werden, es zu lesen und zu akzeptieren.<\/strong><\/p>\n<ol>\n<li><strong><a href=\"#caratteristiche\">Produkteigenschaften<\/a><\/strong><\/li>\n<li><strong><a href=\"#pagamenti\">Zahlungen<\/a><\/strong><\/li>\n<li><strong><a href=\"#consegna\">Lieferzeiten<\/a><\/strong><\/li>\n<li><strong><a href=\"#garanzia\">Preise und Garantie<\/a><\/strong><\/li>\n<li><strong><a href=\"#recesso\">Widerrufsrecht<\/a><\/strong><\/li>\n<li><strong><a href=\"#diritto\">Widerrufsbelehrung<\/a><\/strong><\/li>\n<li><strong><a href=\"#forza\">H\u00f6here Gewalt<\/a><\/strong><\/li>\n<li><strong><a href=\"#privacy\">Datenschutz<\/a><\/strong><\/li>\n<li><strong><a href=\"#foro\">Gerichtsstand und zust\u00e4ndiges Gericht<\/a><\/strong><\/li>\n<li><strong><a href=\"#info\">Infos und Beschwerden<\/a><\/strong><\/li>\n<\/ol>\n<p><a name=\"caratteristiche\"><\/a><br \/>\n<strong>1 &#8211; Produkteigenschaften<\/strong><br \/>\nDie Artikel entsprechen den Angaben in den Beschreibungen und erf\u00fcllen alle Vorschriften und technischen Merkmale analoger Produkte. F\u00fcr jeden Artikel sind auf der Internetseite verschiedene Farbfotografien verf\u00fcgbar: die Abbildungen und die Fotografien werden so genau wie m\u00f6glich reproduziert. Da es sich um manuell gefertigte Produkte handelt, k\u00f6nnen sie leicht von den Fotografien abweichen. Die unterschiedlichen Einstellungen der Monitore (Bildschirme) k\u00f6nnen zudem die Farben leicht ver\u00e4ndern, die daher leicht von den Originalen abweichen k\u00f6nnten.<br \/>\nDie angegebenen Ma\u00dfe verstehen sich als Richtwerte und es sind die normalen Toleranzen zu ber\u00fccksichtigen, die f\u00fcr Textilprodukte typisch sind (+\/-3%).<br \/>\nNormalerweise\u00a0<strong>haben die Vorh\u00e4nge aus Chenille eine Setzphase, die eine Ausdehnung in der L\u00e4nge umfasst<\/strong>. Dies darf nicht als Produktmangel, sondern muss als ein normales Verhalten betrachtet werden.<strong> In der Verpackungsphase wird der Vorhang aus Chenille einem Druck ausgesetzt, der auf keinen Fall das Produkt ver\u00e4ndert. Es kann anf\u00e4nglich gequetscht erscheinen, aber nachdem Aufh\u00e4ngen wird es erneut weich und flauschig wie zum Anfang.<\/strong><\/p>\n<p><a name=\"pagamenti\"><\/a><br \/>\n<strong>2 &#8211; Zahlungen<\/strong><br \/>\nDie f\u00fcr K\u00e4ufer, die eine Bestellung aus Italien aufgeben, verf\u00fcgbaren Zahlungsmethoden sind:<\/p>\n<ul>\n<li>PayPal<\/li>\n<li>Bank\u00fcberweisung<\/li>\n<li>Nachnahme (+ 5,00\u20ac)<\/li>\n<\/ul>\n<p>Weitere Informationen im Abschnitt <a href=\"https:\/\/tendeandmore.com\/de\/zahlungen\/\">Zahlungen<\/a>.<\/p>\n<p><a name=\"consegna\"><\/a><br \/>\n<strong>3 &#8211; Lieferzeiten<\/strong><br \/>\nUnsere Artikel verlassen das Lager in Sutrio (UD) und reisen mit entsprechender und geeigneter Verpackung mit dem Kurier<strong> BRT Corriere Espresso<\/strong>, um in den zuvor festgelegten Zeiten versandt zu werden; gew\u00f6hnlich innerhalb von <strong>10 Werktagen<\/strong>\u00a0ab der Bestellbest\u00e4tigung (<strong>15-20 Tage<\/strong>\u00a0f\u00fcr\u00a0<strong><em>ma\u00dfgefertigte<\/em><\/strong> Vorh\u00e4nge).<br \/>\nZum Zeitpunkt der Lieferung der Ware durch den Kurier ist der Kunde verpflichtet, folgendes zu kontrollieren: dass die Anzahl der Frachtst\u00fccke den Angaben im Lieferdokument entspricht; dass die Verpackung intakt, nicht besch\u00e4digt, nicht nass oder anderweitig ver\u00e4ndert ist. Eventuelle Sch\u00e4den an der Verpackung und\/oder den Artikeln oder die Nichtentsprechung der Anzahl der Frachtst\u00fccke m\u00fcssen unverz\u00fcglich beanstandet werden, indem der Satz <strong>UNTER VORBEHALT DER SCHRIFTLICHEN \u00dcBERPR\u00dcFUNG <\/strong>auf dem Liefernachweis des Kuriers angebracht wird. Nach Unterzeichnung des Dokuments des Kuriers kann der Kunde keine Beanstandungen zu den \u00e4u\u00dferen Merkmalen der gelieferten Ware machen.<br \/>\nEventuelle Probleme in Zusammenhang mit der physischen Integrit\u00e4t, der Entsprechung oder der Vollst\u00e4ndigkeit der erhaltenen Artikel m\u00fcssen per E-Mail an <strong><em>info@tendeandmore.com<\/em><\/strong>\u00a0innerhalb von <strong>10 Tagen <\/strong>nach der erfolgten Lieferung gemeldet werden. Bei wiederholter Unm\u00f6glichkeit der Auslieferung der Bestellung aufgrund der Nichterreichbarkeit des Kunden und nachfolgender Nichtabholung innerhalb von <strong>5 Werktagen<\/strong> des Lagerbestands in den Lagern des Kuriers, wird die Bestellung automatisch storniert. Es werden alle Kosten in Bezug auf den Transport, Lagerbestand und R\u00fcckgabe an den Absender von der R\u00fcckerstattung der erfolgten Zahlung angerechnet und einbehalten.<\/p>\n<p><a name=\"garanzia\"><\/a><br \/>\n<strong>4 &#8211; Preise und Garantie<\/strong><br \/>\nVorbehaltlich sonstiger schriftlicher Angaben verstehen sich alle angegebenen Preise als \u201einklusive Mehrwertsteuer\u201c und sind in Euro (\u20ac) angegeben. Die G\u00fcltigkeit der angegebenen Preise ist immer und einzig die im Verfahren zum Zeitpunkt der \u00dcbermittlung der Bestellung angegebene.<br \/>\nDie \u00fcber <strong><em>www.tendeandmore.com<\/em><\/strong> erworbenen Produkte sind durch die Garantie des Herstellers gesch\u00fctzt. Diese Garantie gilt ausschlie\u00dflich f\u00fcr M\u00e4ngel, die trotz normaler Verwendung des Produkts in \u00dcbereinstimmung mit seiner Zweckbestimmung und den Angaben in den eventuellen technischen Unterlagen auftreten. Die Garantie gilt hingegen nicht im Fall von Fahrl\u00e4ssigkeit oder Nachl\u00e4ssigkeit bei der Verwendung, Handhabung und Reinigung des Produkts. Die Garantie ist personenbezogen und gilt daher nur f\u00fcr den Erstk\u00e4ufer, da sie den Direktkunden und nicht H\u00e4ndlern, Wiederverk\u00e4ufern usw. vorbehalten ist.<\/p>\n<p><a name=\"recesso\"><\/a><br \/>\n<strong>5 &#8211; Widerrufsrecht<\/strong><br \/>\nF\u00fcr personalisierte oder in jedem Fall ma\u00dfgefertigte Artikel gilt das Widerrufsrecht gem\u00e4\u00df Artikel 55 Absatz 2 Buchstabe d) des Gesetzesdekrets 6. September 2005 Nr. 206 nicht, da<strong> das Widerrufsrecht im Fall von Lieferungen von verpackten ma\u00dfgefertigten oder eindeutig personalisierten Waren ausgeschlossen ist<\/strong>.\u00a0Die <strong>\u00c4nderung der L\u00e4nge der Chenille<\/strong> gilt nicht als Widerrufsgrund, da dies kein Herstellungsfehler, sondern <strong>ein Merkmal des Produkts<\/strong> ist. Die Tatsache, dass die Chenille in der Verpackungsphase <strong>einem Druck ausgesetzt wird, der das Produkt nicht ver\u00e4ndert<\/strong> und der dies anf\u00e4nglich quetscht, wird nicht als Widerrufsgrund betrachtet, denn nach dem Aufh\u00e4ngen wird es erneut weich und flauschig wie am Anfang.<\/p>\n<p><a name=\"diritto\"><\/a><br \/>\n<strong>6 &#8211; Widerrufsbelehrung<\/strong><br \/>\nDas Widerrufsrecht unterliegt in jedem Fall den nachstehenden Bedingungen: laut Gesetzt wird der Beitrag f\u00fcr die Versandkosten in Bezug auf die R\u00fcckgabe der Ware dem Kunden angerechnet. Der Artikel muss intakt und im selben Zustand wie bei Erhalt zur\u00fcckgesandt werden. Der Artikel muss <strong><em>IN DER GLEICHEN VERPACKUNG<\/em><\/strong>, die f\u00fcr den Versand an den Kunden verwendet wurde, zur\u00fcckgesandt werden. Es werden keine anderen Verpackungsarten akzeptiert. Das Unternehmen veranlasst die R\u00fcckerstattung an den Kunden <strong>innerhalb von 7 Werktagen<\/strong>\u00a0ab der R\u00fcckgabe und nach vorheriger \u00dcberpr\u00fcfung der Integrit\u00e4t des Produkts. Der gezahlte Betrag kann auf Wunsch des Kunden als Kredit f\u00fcr den Ersatz oder den Kauf eines anderen Artikels verwendet werden. Um das Widerrufsrecht in Anspruch zu nehmen, muss das Material in seinen Verpackungen intakt, verpackt und ohne Besch\u00e4digung jeglicher Art sein. Es werden keine R\u00fccksendungen von beschnittenem Material oder besch\u00e4digten Verpackungen akzeptiert. Die Mindesteinheit f\u00fcr eine R\u00fccksendung ist eine Verpackung.<br \/>\nF\u00fcr die Aus\u00fcbung des R\u00fccktrittsrechts muss der Kunde eine Mitteilung per E-Mail an die Adresse\u00a0<strong><em>info@tendeandmore.com<\/em><\/strong> senden, best\u00e4tigt per Einschreiben innerhalb der nachfolgenden 48 Stunden an die nachstehende Adresse:\u00a0Sutrio (UD) \u2013 Viale Basilio Di Ronco.<br \/>\nInnerhalb von\u00a0<strong>drei\u00dfig Tagen<\/strong>\u00a0nach der R\u00fccksendung der Waren veranlasst\u00a0<strong><em>Arisol S.r.l.<\/em><\/strong> die R\u00fcckerstattung an den Kunden.<\/p>\n<p><a name=\"forza\"><\/a><br \/>\n<strong>7 &#8211; H\u00f6here Gewalt<\/strong><br \/>\nIm Fall von h\u00f6herer Gewalt oder unvorhersehbarer Umst\u00e4nde haftet\u00a0<strong><em>Arisol S.r.l.<\/em><\/strong> nicht f\u00fcr Verz\u00f6gerungen oder die Nichtlieferung und beh\u00e4lt sich das Recht vor, ganz oder teilweise den Vertrag aufzul\u00f6sen, auszusetzen oder seine Ausf\u00fchrung zu verschieben.<\/p>\n<p><a name=\"privacy\"><\/a><br \/>\n<strong>8 &#8211; Datenschutz<\/strong><br \/>\nDer Kunde erm\u00e4chtigt ausdr\u00fccklich gem\u00e4\u00df der geltenden Gesetzgebung \u00a0<strong><em>Arisol S.r.l.<\/em><\/strong>, mit Gesch\u00e4ftssitz in Sutrio (UD) \u2013 Viale Basilio Di Ronco\u00a0\u2013, zur Erfassung, Verwendung, Mitteilung und\/oder Weitergabe der personenbezogenen Daten, wie sie beim Ausf\u00fcllen aller Online-Formulare, die f\u00fcr den Abschluss Ihrer Eink\u00e4ufe erforderlich sind, bereitgestellt wurden ( einschlie\u00dflich die eventuell im R\u00fcckgabe-\/Widerrufsformular gemachten Angaben) zu den nachstehend angegebenen Zwecken und Bedingungen. Zu Zwecken der obigen Angaben erkl\u00e4rt der Kunde, zu wissen und zu erlauben, dass die von ihm bereitgestellten Daten in die\u00a0<strong><em>Kundendatenbank<\/em><\/strong> eingetragen werden und dass sie f\u00fcr Handels-, Werbe- und\/oder Verkaufszwecke sowie f\u00fcr statistische Zwecke oder auch den Versand von redaktionellem Material mittels Beratung, Ausarbeitung oder Vergleich verwendet werden k\u00f6nnen. Die vorstehend genannten Daten k\u00f6nnen zudem anderen Unternehmen f\u00fcr dieselben Zwecke, f\u00fcr welche sie erhoben wurden, mitgeteilt werden. Die betroffene Person kann die Best\u00e4tigung des Bestehens ihrer personenbezogenen Daten im Gesch\u00e4ftssitz in Sutrio (UD) \u2013 Viale Basilio Di Ronco verlangen; den Ursprung, die Logik und die Zwecke der Verarbeitung erfahren; die Aktualisierung, die Berichtung und die Erg\u00e4nzung erhalten; die L\u00f6schung, die Umwandlung in anonyme Form oder die Sperrung im Fall einer rechtwidrigen Verarbeitung verlangen; sich der Verarbeitung aus legitimen Gr\u00fcnden oder im Fall der Verwendung von Daten f\u00fcr den Versand von Werbematerial, kommerziellen Informationen, Marktforschung, Direktverkauf und interaktiver kommerzieller Mitteilung widersetzen.<\/p>\n<p><a name=\"foro\"><\/a><br \/>\n<strong>9 &#8211; Gerichtsstand und zust\u00e4ndiges Gericht<\/strong><br \/>\nDieser Vertrag unterliegt dem italienischen Recht. F\u00fcr alle Streitigkeiten in Zusammenhang mit der G\u00fcltigkeit, Auslegung oder Ausf\u00fchrung dieses Vertrags ist ausschlie\u00dflich das Gericht Udine zust\u00e4ndig.<\/p>\n<p><a name=\"info\"><\/a><br \/>\n<strong>10 &#8211; Infos und Beschwerden<\/strong><br \/>\nF\u00fcr alle Erkl\u00e4rungen oder eventuelle Beschwerden k\u00f6nnen Sie uns per E-Mail an die nachstehende Adresse kontaktieren: <strong>info@tendeandmore.com<\/strong>\u00a0oder auch unter der Telefonnummer <strong>041-917356<\/strong>.<\/p>\n<p><a name=\"legge\"><\/a><br \/>\n<strong>ANWENDBARES RECHT<\/strong><br \/>\nDer Kaufvertrag zwischen dem Kunden und <strong><em>Arisol S.r.l.<\/em><\/strong> versteht sich als in Italien abgeschlossen und durch das italienische Recht geregelt. Die Verkaufsbedingungen werden insbesondere durch das Gesetzesdekret 6. September 2005, Nr. 206 \u00fcber Fernabsatzvertr\u00e4ge und durch das Gesetzesdekret 9. April 2003 Nr. 70 \u00fcber einige Aspekte in Zusammenhang mit dem elektronischen Gesch\u00e4ftsverkehr geregelt.<\/p>\n","protected":false},"excerpt":{"rendered":"<p>Nachstehend finden Sie die allgemeinen Gesch\u00e4ftsbedingungen, die den Online-Verkauf \u00fcber die Internetseite www.tendeandmore.com\u00a0regeln. Wir bitten Sie, dieses Dokument aufmerksam zu lesen, da Sie zum Zeitpunkt der Aufgabe eventueller Bestellungen aufgefordert werden, es zu lesen und zu akzeptieren. Produkteigenschaften Zahlungen Lieferzeiten Preise und Garantie Widerrufsrecht Widerrufsbelehrung H\u00f6here Gewalt Datenschutz Gerichtsstand und zust\u00e4ndiges Gericht Infos und Beschwerden [&hellip;]<\/p>\n","protected":false},"author":14,"featured_media":0,"parent":0,"menu_order":99,"comment_status":"closed","ping_status":"closed","template":"tmpl-policy.php","meta":{"footnotes":""},"class_list":["post-4932","page","type-page","status-publish","hentry"],"acf":[],"yoast_head":"<!-- This site is optimized with the Yoast SEO plugin v24.8.1 - https:\/\/yoast.com\/wordpress\/plugins\/seo\/ -->\n<title>Allgemeine Verkaufsbedingungen | Tende &amp; More<\/title>\n<meta name=\"description\" content=\"Verkaufsbedingungen von Tende &amp; More, Herstellung und Verkauf von ma\u00dfgefertigten Vorh\u00e4ngen f\u00fcr T\u00fcren.\" \/>\n<meta name=\"robots\" content=\"index, follow, max-snippet:-1, max-image-preview:large, max-video-preview:-1\" \/>\n<link rel=\"canonical\" href=\"https:\/\/www.tendeandmore.com\/de\/verkaufsbedingungen\/\" \/>\n<meta property=\"og:locale\" content=\"de_DE\" \/>\n<meta property=\"og:type\" content=\"article\" \/>\n<meta property=\"og:title\" content=\"Allgemeine Verkaufsbedingungen | Tende &amp; More\" \/>\n<meta property=\"og:description\" content=\"Verkaufsbedingungen von Tende &amp; More, Herstellung und Verkauf von ma\u00dfgefertigten Vorh\u00e4ngen f\u00fcr T\u00fcren.\" \/>\n<meta property=\"og:url\" content=\"https:\/\/www.tendeandmore.com\/de\/verkaufsbedingungen\/\" \/>\n<meta property=\"og:site_name\" content=\"Tende &amp; More\" \/>\n<meta property=\"article:modified_time\" content=\"2023-04-07T07:37:12+00:00\" \/>\n<meta name=\"twitter:card\" content=\"summary_large_image\" \/>\n<meta name=\"twitter:label1\" content=\"Gesch\u00e4tzte Lesezeit\" \/>\n\t<meta name=\"twitter:data1\" content=\"7\u00a0Minuten\" \/>\n<script type=\"application\/ld+json\" class=\"yoast-schema-graph\">{\"@context\":\"https:\/\/schema.org\",\"@graph\":[{\"@type\":\"WebPage\",\"@id\":\"https:\/\/www.tendeandmore.com\/de\/verkaufsbedingungen\/\",\"url\":\"https:\/\/www.tendeandmore.com\/de\/verkaufsbedingungen\/\",\"name\":\"Allgemeine Verkaufsbedingungen | Tende & More\",\"isPartOf\":{\"@id\":\"https:\/\/www.tendeandmore.com\/de\/#website\"},\"datePublished\":\"2020-01-22T15:52:28+00:00\",\"dateModified\":\"2023-04-07T07:37:12+00:00\",\"description\":\"Verkaufsbedingungen von Tende & More, Herstellung und Verkauf von ma\u00dfgefertigten Vorh\u00e4ngen f\u00fcr T\u00fcren.\",\"inLanguage\":\"de\",\"potentialAction\":[{\"@type\":\"ReadAction\",\"target\":[\"https:\/\/www.tendeandmore.com\/de\/verkaufsbedingungen\/\"]}]},{\"@type\":\"WebSite\",\"@id\":\"https:\/\/www.tendeandmore.com\/de\/#website\",\"url\":\"https:\/\/www.tendeandmore.com\/de\/\",\"name\":\"Tende &amp; More\",\"description\":\"\",\"publisher\":{\"@id\":\"https:\/\/www.tendeandmore.com\/de\/#organization\"},\"potentialAction\":[{\"@type\":\"SearchAction\",\"target\":{\"@type\":\"EntryPoint\",\"urlTemplate\":\"https:\/\/www.tendeandmore.com\/de\/?s={search_term_string}\"},\"query-input\":{\"@type\":\"PropertyValueSpecification\",\"valueRequired\":true,\"valueName\":\"search_term_string\"}}],\"inLanguage\":\"de\"},{\"@type\":\"Organization\",\"@id\":\"https:\/\/www.tendeandmore.com\/de\/#organization\",\"name\":\"Tende & More\",\"url\":\"https:\/\/www.tendeandmore.com\/de\/\",\"logo\":{\"@type\":\"ImageObject\",\"inLanguage\":\"de\",\"@id\":\"https:\/\/www.tendeandmore.com\/de\/#\/schema\/logo\/image\/\",\"url\":\"https:\/\/tendeandmore.com\/wp-content\/uploads\/logo-tendeandmore.svg\",\"contentUrl\":\"https:\/\/tendeandmore.com\/wp-content\/uploads\/logo-tendeandmore.svg\",\"width\":1,\"height\":1,\"caption\":\"Tende & More\"},\"image\":{\"@id\":\"https:\/\/www.tendeandmore.com\/de\/#\/schema\/logo\/image\/\"}}]}<\/script>\n<!-- \/ Yoast SEO plugin. -->","yoast_head_json":{"title":"Allgemeine Verkaufsbedingungen | Tende & More","description":"Verkaufsbedingungen von Tende & More, Herstellung und Verkauf von ma\u00dfgefertigten Vorh\u00e4ngen f\u00fcr T\u00fcren.","robots":{"index":"index","follow":"follow","max-snippet":"max-snippet:-1","max-image-preview":"max-image-preview:large","max-video-preview":"max-video-preview:-1"},"canonical":"https:\/\/www.tendeandmore.com\/de\/verkaufsbedingungen\/","og_locale":"de_DE","og_type":"article","og_title":"Allgemeine Verkaufsbedingungen | Tende & More","og_description":"Verkaufsbedingungen von Tende & More, Herstellung und Verkauf von ma\u00dfgefertigten Vorh\u00e4ngen f\u00fcr T\u00fcren.","og_url":"https:\/\/www.tendeandmore.com\/de\/verkaufsbedingungen\/","og_site_name":"Tende &amp; More","article_modified_time":"2023-04-07T07:37:12+00:00","twitter_card":"summary_large_image","twitter_misc":{"Gesch\u00e4tzte Lesezeit":"7\u00a0Minuten"},"schema":{"@context":"https:\/\/schema.org","@graph":[{"@type":"WebPage","@id":"https:\/\/www.tendeandmore.com\/de\/verkaufsbedingungen\/","url":"https:\/\/www.tendeandmore.com\/de\/verkaufsbedingungen\/","name":"Allgemeine Verkaufsbedingungen | Tende & More","isPartOf":{"@id":"https:\/\/www.tendeandmore.com\/de\/#website"},"datePublished":"2020-01-22T15:52:28+00:00","dateModified":"2023-04-07T07:37:12+00:00","description":"Verkaufsbedingungen von Tende & More, Herstellung und Verkauf von ma\u00dfgefertigten Vorh\u00e4ngen f\u00fcr T\u00fcren.","inLanguage":"de","potentialAction":[{"@type":"ReadAction","target":["https:\/\/www.tendeandmore.com\/de\/verkaufsbedingungen\/"]}]},{"@type":"WebSite","@id":"https:\/\/www.tendeandmore.com\/de\/#website","url":"https:\/\/www.tendeandmore.com\/de\/","name":"Tende &amp; More","description":"","publisher":{"@id":"https:\/\/www.tendeandmore.com\/de\/#organization"},"potentialAction":[{"@type":"SearchAction","target":{"@type":"EntryPoint","urlTemplate":"https:\/\/www.tendeandmore.com\/de\/?s={search_term_string}"},"query-input":{"@type":"PropertyValueSpecification","valueRequired":true,"valueName":"search_term_string"}}],"inLanguage":"de"},{"@type":"Organization","@id":"https:\/\/www.tendeandmore.com\/de\/#organization","name":"Tende & More","url":"https:\/\/www.tendeandmore.com\/de\/","logo":{"@type":"ImageObject","inLanguage":"de","@id":"https:\/\/www.tendeandmore.com\/de\/#\/schema\/logo\/image\/","url":"https:\/\/tendeandmore.com\/wp-content\/uploads\/logo-tendeandmore.svg","contentUrl":"https:\/\/tendeandmore.com\/wp-content\/uploads\/logo-tendeandmore.svg","width":1,"height":1,"caption":"Tende & More"},"image":{"@id":"https:\/\/www.tendeandmore.com\/de\/#\/schema\/logo\/image\/"}}]}},"_links":{"self":[{"href":"https:\/\/www.tendeandmore.com\/de\/wp-json\/wp\/v2\/pages\/4932","targetHints":{"allow":["GET"]}}],"collection":[{"href":"https:\/\/www.tendeandmore.com\/de\/wp-json\/wp\/v2\/pages"}],"about":[{"href":"https:\/\/www.tendeandmore.com\/de\/wp-json\/wp\/v2\/types\/page"}],"author":[{"embeddable":true,"href":"https:\/\/www.tendeandmore.com\/de\/wp-json\/wp\/v2\/users\/14"}],"replies":[{"embeddable":true,"href":"https:\/\/www.tendeandmore.com\/de\/wp-json\/wp\/v2\/comments?post=4932"}],"version-history":[{"count":4,"href":"https:\/\/www.tendeandmore.com\/de\/wp-json\/wp\/v2\/pages\/4932\/revisions"}],"predecessor-version":[{"id":5022,"href":"https:\/\/www.tendeandmore.com\/de\/wp-json\/wp\/v2\/pages\/4932\/revisions\/5022"}],"wp:attachment":[{"href":"https:\/\/www.tendeandmore.com\/de\/wp-json\/wp\/v2\/media?parent=4932"}],"curies":[{"name":"wp","href":"https:\/\/api.w.org\/{rel}","templated":true}]}}