{"id":4974,"date":"2021-01-22T11:25:41","date_gmt":"2021-01-22T10:25:41","guid":{"rendered":"https:\/\/tendeandmore.com\/prodotto\/liberty\/"},"modified":"2023-04-06T17:18:06","modified_gmt":"2023-04-06T15:18:06","slug":"liberty","status":"publish","type":"product","link":"https:\/\/www.tendeandmore.com\/de\/produkt\/liberty\/","title":{"rendered":"Liberty"},"content":{"rendered":"<h3 class=\"title-paragraph\">Beschreibung<\/h3>\n<p>Perlenvorh\u00e4nge aus Polystyrol auf Polyesterf\u00e4den gedruckt. Seine physikalischen Merkmale machen ihn leicht zu reinigen und widerstandsf\u00e4hig gegen Sch\u00e4den durch Sonnenstrahlen: ein qualitativ hochwertiges Produkt, das f\u00fcr eine lange Haltbarkeit bestimmt ist.<\/p>\n<p>Der Perlenvorhang Liberty vereint eine elegante Optik, eine leichte Struktur und ein besonderes Design: der Einrichtungsgegenstand, der sch\u00fctzt und die Innenr\u00e4ume trennt, ohne aufzufallen.<\/p>\n<h3 class=\"title-paragraph\">Personalisierung<\/h3>\n<p>Die verschiedenen erh\u00e4ltlichen Farben erlauben, die gew\u00fcnschte stilistische Wirkung zu erzielen. Das klassische Schwarz, ein lebhaftes Rot und viele mehr: entdecken Sie alle Konfigurationsm\u00f6glichkeiten, um die Heimdekoration Ihrer Tr\u00e4ume zu verwirklichen!<\/p>\n<p>Die Personalisierung der Farben und Materialien des Profils sind der letzte Schliff, um das Ergebnis abschlie\u00dfend zu kr\u00f6nen.<\/p>\n<h3 class=\"title-paragraph\">Ideal f\u00fcr<\/h3>\n<p>Die Innenr\u00e4ume eines Privathauses ziehen einen \u00e4sthetischen und funktionalen Vorteil aus der Installation dieser Art von Vorhang. Das elegante und leichte Design verleiht einen Hauch von Stil, der zu keinem Zeitpunkt \u00fcbertrieben ist; die Qualit\u00e4t der Materialien erlaubt das Erreichen eines optimalen Schutzes vor der Sonne und vor Insekten, indem die verschiedenen R\u00e4ume diskret getrennt werden.   <\/p>\n<p>Der Perlenvorhang Liberty ist auch f\u00fcr L\u00e4den und Lebensmittelgesch\u00e4fte geeignet.<\/p>\n","protected":false},"excerpt":{"rendered":"<p>Eine Kaskade aus Farben: der Perlenvorhang Liberty sch\u00fctzt und trennt die R\u00e4umlichkeiten, ohne auf Design zu verzichten. Die M\u00f6glichkeiten auch die Profile zu personalisieren macht Liberty zur perfekten Wahl f\u00fcr jede Art von Innenumgebung.<\/p>\n","protected":false},"featured_media":4898,"comment_status":"closed","ping_status":"closed","template":"","meta":[],"product_brand":[],"product_cat":[559],"product_tag":[],"class_list":{"0":"post-4974","1":"product","2":"type-product","3":"status-publish","4":"has-post-thumbnail","6":"product_cat-perlenvorhaenge","8":"first","9":"instock","10":"shipping-taxable","11":"purchasable","12":"product-type-simple"},"acf":[],"yoast_head":"<!-- This site is optimized with the Yoast SEO plugin v24.8.1 - https:\/\/yoast.com\/wordpress\/plugins\/seo\/ -->\n<title>Perlenvorhang Liberty | Tende &amp; More<\/title>\n<meta name=\"description\" content=\"Liberty, Perlenvorhang f\u00fcr Innenr\u00e4ume. Qualit\u00e4t Made in Italy, widerstandsf\u00e4hige und langlebige Materialien.\" \/>\n<meta name=\"robots\" content=\"index, follow, max-snippet:-1, max-image-preview:large, max-video-preview:-1\" \/>\n<link rel=\"canonical\" href=\"https:\/\/www.tendeandmore.com\/de\/produkt\/liberty\/\" \/>\n<meta property=\"og:locale\" content=\"de_DE\" \/>\n<meta property=\"og:type\" content=\"article\" \/>\n<meta property=\"og:title\" content=\"Perlenvorhang Liberty | Tende &amp; More\" \/>\n<meta property=\"og:description\" content=\"Liberty, Perlenvorhang f\u00fcr Innenr\u00e4ume. Qualit\u00e4t Made in Italy, widerstandsf\u00e4hige und langlebige Materialien.\" \/>\n<meta property=\"og:url\" content=\"https:\/\/www.tendeandmore.com\/de\/produkt\/liberty\/\" \/>\n<meta property=\"og:site_name\" content=\"Tende &amp; More\" \/>\n<meta property=\"article:modified_time\" content=\"2023-04-06T15:18:06+00:00\" \/>\n<meta property=\"og:image\" content=\"https:\/\/www.tendeandmore.com\/wp-content\/uploads\/perline_liberty.jpg\" \/>\n\t<meta property=\"og:image:width\" content=\"800\" \/>\n\t<meta property=\"og:image:height\" content=\"600\" \/>\n\t<meta property=\"og:image:type\" content=\"image\/jpeg\" \/>\n<meta name=\"twitter:card\" content=\"summary_large_image\" \/>\n<meta name=\"twitter:label1\" content=\"Gesch\u00e4tzte Lesezeit\" \/>\n\t<meta name=\"twitter:data1\" content=\"1\u00a0Minute\" \/>\n<script type=\"application\/ld+json\" class=\"yoast-schema-graph\">{\"@context\":\"https:\/\/schema.org\",\"@graph\":[{\"@type\":\"WebPage\",\"@id\":\"https:\/\/www.tendeandmore.com\/de\/produkt\/liberty\/\",\"url\":\"https:\/\/www.tendeandmore.com\/de\/produkt\/liberty\/\",\"name\":\"Perlenvorhang Liberty | Tende &amp; More\",\"isPartOf\":{\"@id\":\"https:\/\/www.tendeandmore.com\/de\/#website\"},\"primaryImageOfPage\":{\"@id\":\"https:\/\/www.tendeandmore.com\/de\/produkt\/liberty\/#primaryimage\"},\"image\":{\"@id\":\"https:\/\/www.tendeandmore.com\/de\/produkt\/liberty\/#primaryimage\"},\"thumbnailUrl\":\"https:\/\/www.tendeandmore.com\/wp-content\/uploads\/perline_liberty.jpg\",\"datePublished\":\"2021-01-22T10:25:41+00:00\",\"dateModified\":\"2023-04-06T15:18:06+00:00\",\"description\":\"Liberty, Perlenvorhang f\u00fcr Innenr\u00e4ume. Qualit\u00e4t Made in Italy, widerstandsf\u00e4hige und langlebige Materialien.\",\"breadcrumb\":{\"@id\":\"https:\/\/www.tendeandmore.com\/de\/produkt\/liberty\/#breadcrumb\"},\"inLanguage\":\"de\",\"potentialAction\":[{\"@type\":\"ReadAction\",\"target\":[\"https:\/\/www.tendeandmore.com\/de\/produkt\/liberty\/\"]}]},{\"@type\":\"ImageObject\",\"inLanguage\":\"de\",\"@id\":\"https:\/\/www.tendeandmore.com\/de\/produkt\/liberty\/#primaryimage\",\"url\":\"https:\/\/www.tendeandmore.com\/wp-content\/uploads\/perline_liberty.jpg\",\"contentUrl\":\"https:\/\/www.tendeandmore.com\/wp-content\/uploads\/perline_liberty.jpg\",\"width\":800,\"height\":600},{\"@type\":\"BreadcrumbList\",\"@id\":\"https:\/\/www.tendeandmore.com\/de\/produkt\/liberty\/#breadcrumb\",\"itemListElement\":[{\"@type\":\"ListItem\",\"position\":1,\"name\":\"Unsere Vorh\u00e4nge\",\"item\":\"https:\/\/www.tendeandmore.com\/catalogo-tende\/\"},{\"@type\":\"ListItem\",\"position\":2,\"name\":\"Perlenvorh\u00e4nge\",\"item\":\"https:\/\/www.tendeandmore.com\/de\/produkt-kategorie\/perlenvorhaenge\/\"},{\"@type\":\"ListItem\",\"position\":3,\"name\":\"Liberty\"}]},{\"@type\":\"WebSite\",\"@id\":\"https:\/\/www.tendeandmore.com\/de\/#website\",\"url\":\"https:\/\/www.tendeandmore.com\/de\/\",\"name\":\"Tende &amp; More\",\"description\":\"\",\"publisher\":{\"@id\":\"https:\/\/www.tendeandmore.com\/de\/#organization\"},\"potentialAction\":[{\"@type\":\"SearchAction\",\"target\":{\"@type\":\"EntryPoint\",\"urlTemplate\":\"https:\/\/www.tendeandmore.com\/de\/?s={search_term_string}\"},\"query-input\":{\"@type\":\"PropertyValueSpecification\",\"valueRequired\":true,\"valueName\":\"search_term_string\"}}],\"inLanguage\":\"de\"},{\"@type\":\"Organization\",\"@id\":\"https:\/\/www.tendeandmore.com\/de\/#organization\",\"name\":\"Tende & More\",\"url\":\"https:\/\/www.tendeandmore.com\/de\/\",\"logo\":{\"@type\":\"ImageObject\",\"inLanguage\":\"de\",\"@id\":\"https:\/\/www.tendeandmore.com\/de\/#\/schema\/logo\/image\/\",\"url\":\"https:\/\/tendeandmore.com\/wp-content\/uploads\/logo-tendeandmore.svg\",\"contentUrl\":\"https:\/\/tendeandmore.com\/wp-content\/uploads\/logo-tendeandmore.svg\",\"width\":1,\"height\":1,\"caption\":\"Tende & More\"},\"image\":{\"@id\":\"https:\/\/www.tendeandmore.com\/de\/#\/schema\/logo\/image\/\"}}]}<\/script>\n<!-- \/ Yoast SEO plugin. -->","yoast_head_json":{"title":"Perlenvorhang Liberty | Tende &amp; More","description":"Liberty, Perlenvorhang f\u00fcr Innenr\u00e4ume. Qualit\u00e4t Made in Italy, widerstandsf\u00e4hige und langlebige Materialien.","robots":{"index":"index","follow":"follow","max-snippet":"max-snippet:-1","max-image-preview":"max-image-preview:large","max-video-preview":"max-video-preview:-1"},"canonical":"https:\/\/www.tendeandmore.com\/de\/produkt\/liberty\/","og_locale":"de_DE","og_type":"article","og_title":"Perlenvorhang Liberty | Tende &amp; More","og_description":"Liberty, Perlenvorhang f\u00fcr Innenr\u00e4ume. Qualit\u00e4t Made in Italy, widerstandsf\u00e4hige und langlebige Materialien.","og_url":"https:\/\/www.tendeandmore.com\/de\/produkt\/liberty\/","og_site_name":"Tende &amp; More","article_modified_time":"2023-04-06T15:18:06+00:00","og_image":[{"width":800,"height":600,"url":"https:\/\/www.tendeandmore.com\/wp-content\/uploads\/perline_liberty.jpg","type":"image\/jpeg"}],"twitter_card":"summary_large_image","twitter_misc":{"Gesch\u00e4tzte Lesezeit":"1\u00a0Minute"},"schema":{"@context":"https:\/\/schema.org","@graph":[{"@type":"WebPage","@id":"https:\/\/www.tendeandmore.com\/de\/produkt\/liberty\/","url":"https:\/\/www.tendeandmore.com\/de\/produkt\/liberty\/","name":"Perlenvorhang Liberty | Tende &amp; More","isPartOf":{"@id":"https:\/\/www.tendeandmore.com\/de\/#website"},"primaryImageOfPage":{"@id":"https:\/\/www.tendeandmore.com\/de\/produkt\/liberty\/#primaryimage"},"image":{"@id":"https:\/\/www.tendeandmore.com\/de\/produkt\/liberty\/#primaryimage"},"thumbnailUrl":"https:\/\/www.tendeandmore.com\/wp-content\/uploads\/perline_liberty.jpg","datePublished":"2021-01-22T10:25:41+00:00","dateModified":"2023-04-06T15:18:06+00:00","description":"Liberty, Perlenvorhang f\u00fcr Innenr\u00e4ume. Qualit\u00e4t Made in Italy, widerstandsf\u00e4hige und langlebige Materialien.","breadcrumb":{"@id":"https:\/\/www.tendeandmore.com\/de\/produkt\/liberty\/#breadcrumb"},"inLanguage":"de","potentialAction":[{"@type":"ReadAction","target":["https:\/\/www.tendeandmore.com\/de\/produkt\/liberty\/"]}]},{"@type":"ImageObject","inLanguage":"de","@id":"https:\/\/www.tendeandmore.com\/de\/produkt\/liberty\/#primaryimage","url":"https:\/\/www.tendeandmore.com\/wp-content\/uploads\/perline_liberty.jpg","contentUrl":"https:\/\/www.tendeandmore.com\/wp-content\/uploads\/perline_liberty.jpg","width":800,"height":600},{"@type":"BreadcrumbList","@id":"https:\/\/www.tendeandmore.com\/de\/produkt\/liberty\/#breadcrumb","itemListElement":[{"@type":"ListItem","position":1,"name":"Unsere Vorh\u00e4nge","item":"https:\/\/www.tendeandmore.com\/catalogo-tende\/"},{"@type":"ListItem","position":2,"name":"Perlenvorh\u00e4nge","item":"https:\/\/www.tendeandmore.com\/de\/produkt-kategorie\/perlenvorhaenge\/"},{"@type":"ListItem","position":3,"name":"Liberty"}]},{"@type":"WebSite","@id":"https:\/\/www.tendeandmore.com\/de\/#website","url":"https:\/\/www.tendeandmore.com\/de\/","name":"Tende &amp; More","description":"","publisher":{"@id":"https:\/\/www.tendeandmore.com\/de\/#organization"},"potentialAction":[{"@type":"SearchAction","target":{"@type":"EntryPoint","urlTemplate":"https:\/\/www.tendeandmore.com\/de\/?s={search_term_string}"},"query-input":{"@type":"PropertyValueSpecification","valueRequired":true,"valueName":"search_term_string"}}],"inLanguage":"de"},{"@type":"Organization","@id":"https:\/\/www.tendeandmore.com\/de\/#organization","name":"Tende & More","url":"https:\/\/www.tendeandmore.com\/de\/","logo":{"@type":"ImageObject","inLanguage":"de","@id":"https:\/\/www.tendeandmore.com\/de\/#\/schema\/logo\/image\/","url":"https:\/\/tendeandmore.com\/wp-content\/uploads\/logo-tendeandmore.svg","contentUrl":"https:\/\/tendeandmore.com\/wp-content\/uploads\/logo-tendeandmore.svg","width":1,"height":1,"caption":"Tende & More"},"image":{"@id":"https:\/\/www.tendeandmore.com\/de\/#\/schema\/logo\/image\/"}}]}},"_links":{"self":[{"href":"https:\/\/www.tendeandmore.com\/de\/wp-json\/wp\/v2\/product\/4974","targetHints":{"allow":["GET"]}}],"collection":[{"href":"https:\/\/www.tendeandmore.com\/de\/wp-json\/wp\/v2\/product"}],"about":[{"href":"https:\/\/www.tendeandmore.com\/de\/wp-json\/wp\/v2\/types\/product"}],"replies":[{"embeddable":true,"href":"https:\/\/www.tendeandmore.com\/de\/wp-json\/wp\/v2\/comments?post=4974"}],"wp:featuredmedia":[{"embeddable":true,"href":"https:\/\/www.tendeandmore.com\/de\/wp-json\/wp\/v2\/media\/4898"}],"wp:attachment":[{"href":"https:\/\/www.tendeandmore.com\/de\/wp-json\/wp\/v2\/media?parent=4974"}],"wp:term":[{"taxonomy":"product_brand","embeddable":true,"href":"https:\/\/www.tendeandmore.com\/de\/wp-json\/wp\/v2\/product_brand?post=4974"},{"taxonomy":"product_cat","embeddable":true,"href":"https:\/\/www.tendeandmore.com\/de\/wp-json\/wp\/v2\/product_cat?post=4974"},{"taxonomy":"product_tag","embeddable":true,"href":"https:\/\/www.tendeandmore.com\/de\/wp-json\/wp\/v2\/product_tag?post=4974"}],"curies":[{"name":"wp","href":"https:\/\/api.w.org\/{rel}","templated":true}]}}