{"id":4975,"date":"2020-02-08T16:14:19","date_gmt":"2020-02-08T15:14:19","guid":{"rendered":"https:\/\/tendeandmore.com\/prodotto\/corda-melange\/"},"modified":"2023-04-06T16:29:27","modified_gmt":"2023-04-06T14:29:27","slug":"melange-schnur","status":"publish","type":"product","link":"https:\/\/www.tendeandmore.com\/de\/produkt\/melange-schnur\/","title":{"rendered":"Melange-Schnur"},"content":{"rendered":"<h3 class=\"title-paragraph\">Beschreibung<\/h3>\n<p>Der Vorhang aus Schnur aus zu 100% qualitativ hochwertigen recyclebaren Polyesterf\u00e4den wurde aus Flechtwerk mit Melange-Verarbeitung mit einem mehrfarbigem Effekt hergestellt. Dank der Eigenschaften des Polyesters ist der Vorhang aus Schnur leicht, angenehm, weich im Griff und ger\u00e4uschlos.   <\/p>\n<p>Das Flechtwerk des Fliegenschutzvorhangs aus Melange-Schnur ist waschbar, langlebig und widerstandsf\u00e4hig sowohl gegen Sonne als auch Witterungseinfl\u00fcsse: die farbenfrohen F\u00e4den verbleichen nicht und bewahren stets einen lebendigen Farbton bei.  <\/p>\n<p>Der Vorhang aus Schnur kann schnell und einfach in Dutzenden unterschiedlichen Umgebungen sowohl innen als auch au\u00dfen installiert werden: er teilt die R\u00e4umlichkeiten mit Eleganz und verleiht eine Nuance lebhafte und angenehme Farbe.  <\/p>\n<p>Er h\u00e4lt Insekten wie Fliegen und M\u00fccken ab und sch\u00fctzt vor Sonnenstrahlen und die Privatsph\u00e4re der R\u00e4umlichkeiten vor neugierigen Blicken. Er beg\u00fcnstigt einen guten Luftaustausch und h\u00e4lt Staub fern.  <\/p>\n<h3 class=\"title-paragraph\">Personalisierung<\/h3>\n<p>Sie k\u00f6nnen Ihren Vorhang aus Schnur personalisieren, indem Sie aus den verschiedenen Melange-Farbt\u00f6nen ausw\u00e4hlen, um Ihre R\u00e4umlichkeiten mit einem einzigartigen Hauch Stil zu personalisieren. Entdecken Sie die unterschiedlichen Kombinationen mehrfarbiger Flechtwerke, um Ihre R\u00e4ume mit einer farbenfrohen und pers\u00f6nlichen Nuance zu trennen. W\u00e4hlen Sie aus den Ma\u00dfen, den Profilen und den Accessoires, um die Konfiguration abzuschlie\u00dfen und Ihren Vorhang aus Schnur einzigartig zu gestalten.<\/p>\n<h3 class=\"title-paragraph\">Ideal f\u00fcr<\/h3>\n<p>Der Vorhang aus Melange-Schnur eignet sich dank der Leichtigkeit und dem Widerstand f\u00fcr alle Arten von Anwendungen und zwar sowohl innen als auch au\u00dfen. Es ist ideal, um die R\u00e4umlichkeiten zu trennen und eine farbenfrohe Barriere gegen Fliegen, M\u00fccken und sonstigen Insekten zu schaffen. Der Vorhang aus Schnur sch\u00fctzt vor Sonne, erm\u00f6glicht einen hervorragenden Luftaustausch und sch\u00fctzt vor neugierigen Blicken.<\/p>\n<p>Ideal f\u00fcr Zuhause, das B\u00fcro, Gesch\u00e4fte, Wohnmobile, Lagerr\u00e4ume und f\u00fcr jeden Raum, der eine leichte und wirksame Barriere ben\u00f6tigt.<\/p>\n","protected":false},"excerpt":{"rendered":"<p>Hergestellt aus zu 100% recyclebaren Polyesterf\u00e4den. Die mehrfarbige Verarbeitung der verflochtenen F\u00e4den der Schnur schafft einen einzigartigen Effekt und verleiht den R\u00e4umlichkeiten eine lebhafte und erlesene Nuance. Der Vorhang aus Melange-Schnur ist leicht, weich und einfach zu waschen.<\/p>\n","protected":false},"featured_media":2007,"comment_status":"closed","ping_status":"closed","template":"","meta":[],"product_brand":[],"product_cat":[556],"product_tag":[],"class_list":{"0":"post-4975","1":"product","2":"type-product","3":"status-publish","4":"has-post-thumbnail","6":"product_cat-vorhange-aus-schnur","8":"first","9":"instock","10":"sale","11":"shipping-taxable","12":"purchasable","13":"product-type-simple"},"acf":[],"yoast_head":"<!-- This site is optimized with the Yoast SEO plugin v24.8.1 - https:\/\/yoast.com\/wordpress\/plugins\/seo\/ -->\n<title>Vorhang aus Melange-Schnur | Tende &amp; More<\/title>\n<meta name=\"description\" content=\"Vorhang aus Schnur in Melange-Farbt\u00f6nen. Widerstandsf\u00e4hig, waschbar, einfach zu installieren. Der Vorhang f\u00fcr T\u00fcren Made in Italy: Zuhause, B\u00fcro, Gesch\u00e4fte, Wohnmobile, Au\u00dfenbereiche.\" \/>\n<meta name=\"robots\" content=\"index, follow, max-snippet:-1, max-image-preview:large, max-video-preview:-1\" \/>\n<link rel=\"canonical\" href=\"https:\/\/www.tendeandmore.com\/de\/produkt\/melange-schnur\/\" \/>\n<meta property=\"og:locale\" content=\"de_DE\" \/>\n<meta property=\"og:type\" content=\"article\" \/>\n<meta property=\"og:title\" content=\"Vorhang aus Melange-Schnur | Tende &amp; More\" \/>\n<meta property=\"og:description\" content=\"Vorhang aus Schnur in Melange-Farbt\u00f6nen. Widerstandsf\u00e4hig, waschbar, einfach zu installieren. Der Vorhang f\u00fcr T\u00fcren Made in Italy: Zuhause, B\u00fcro, Gesch\u00e4fte, Wohnmobile, Au\u00dfenbereiche.\" \/>\n<meta property=\"og:url\" content=\"https:\/\/www.tendeandmore.com\/de\/produkt\/melange-schnur\/\" \/>\n<meta property=\"og:site_name\" content=\"Tende &amp; More\" \/>\n<meta property=\"article:modified_time\" content=\"2023-04-06T14:29:27+00:00\" \/>\n<meta property=\"og:image\" content=\"https:\/\/www.tendeandmore.com\/wp-content\/uploads\/corda_melange.jpg\" \/>\n\t<meta property=\"og:image:width\" content=\"800\" \/>\n\t<meta property=\"og:image:height\" content=\"600\" \/>\n\t<meta property=\"og:image:type\" content=\"image\/jpeg\" \/>\n<meta name=\"twitter:card\" content=\"summary_large_image\" \/>\n<meta name=\"twitter:label1\" content=\"Gesch\u00e4tzte Lesezeit\" \/>\n\t<meta name=\"twitter:data1\" content=\"2\u00a0Minuten\" \/>\n<script type=\"application\/ld+json\" class=\"yoast-schema-graph\">{\"@context\":\"https:\/\/schema.org\",\"@graph\":[{\"@type\":\"WebPage\",\"@id\":\"https:\/\/www.tendeandmore.com\/de\/produkt\/melange-schnur\/\",\"url\":\"https:\/\/www.tendeandmore.com\/de\/produkt\/melange-schnur\/\",\"name\":\"Vorhang aus Melange-Schnur | Tende & More\",\"isPartOf\":{\"@id\":\"https:\/\/www.tendeandmore.com\/de\/#website\"},\"primaryImageOfPage\":{\"@id\":\"https:\/\/www.tendeandmore.com\/de\/produkt\/melange-schnur\/#primaryimage\"},\"image\":{\"@id\":\"https:\/\/www.tendeandmore.com\/de\/produkt\/melange-schnur\/#primaryimage\"},\"thumbnailUrl\":\"https:\/\/www.tendeandmore.com\/wp-content\/uploads\/corda_melange.jpg\",\"datePublished\":\"2020-02-08T15:14:19+00:00\",\"dateModified\":\"2023-04-06T14:29:27+00:00\",\"description\":\"Vorhang aus Schnur in Melange-Farbt\u00f6nen. Widerstandsf\u00e4hig, waschbar, einfach zu installieren. Der Vorhang f\u00fcr T\u00fcren Made in Italy: Zuhause, B\u00fcro, Gesch\u00e4fte, Wohnmobile, Au\u00dfenbereiche.\",\"breadcrumb\":{\"@id\":\"https:\/\/www.tendeandmore.com\/de\/produkt\/melange-schnur\/#breadcrumb\"},\"inLanguage\":\"de\",\"potentialAction\":[{\"@type\":\"ReadAction\",\"target\":[\"https:\/\/www.tendeandmore.com\/de\/produkt\/melange-schnur\/\"]}]},{\"@type\":\"ImageObject\",\"inLanguage\":\"de\",\"@id\":\"https:\/\/www.tendeandmore.com\/de\/produkt\/melange-schnur\/#primaryimage\",\"url\":\"https:\/\/www.tendeandmore.com\/wp-content\/uploads\/corda_melange.jpg\",\"contentUrl\":\"https:\/\/www.tendeandmore.com\/wp-content\/uploads\/corda_melange.jpg\",\"width\":800,\"height\":600,\"caption\":\"Tenda in corda melange\"},{\"@type\":\"BreadcrumbList\",\"@id\":\"https:\/\/www.tendeandmore.com\/de\/produkt\/melange-schnur\/#breadcrumb\",\"itemListElement\":[{\"@type\":\"ListItem\",\"position\":1,\"name\":\"Unsere Vorh\u00e4nge\",\"item\":\"https:\/\/www.tendeandmore.com\/catalogo-tende\/\"},{\"@type\":\"ListItem\",\"position\":2,\"name\":\"Vorh\u00e4nge aus Schnur\",\"item\":\"https:\/\/www.tendeandmore.com\/de\/produkt-kategorie\/vorhange-aus-schnur\/\"},{\"@type\":\"ListItem\",\"position\":3,\"name\":\"Melange-Schnur\"}]},{\"@type\":\"WebSite\",\"@id\":\"https:\/\/www.tendeandmore.com\/de\/#website\",\"url\":\"https:\/\/www.tendeandmore.com\/de\/\",\"name\":\"Tende &amp; More\",\"description\":\"\",\"publisher\":{\"@id\":\"https:\/\/www.tendeandmore.com\/de\/#organization\"},\"potentialAction\":[{\"@type\":\"SearchAction\",\"target\":{\"@type\":\"EntryPoint\",\"urlTemplate\":\"https:\/\/www.tendeandmore.com\/de\/?s={search_term_string}\"},\"query-input\":{\"@type\":\"PropertyValueSpecification\",\"valueRequired\":true,\"valueName\":\"search_term_string\"}}],\"inLanguage\":\"de\"},{\"@type\":\"Organization\",\"@id\":\"https:\/\/www.tendeandmore.com\/de\/#organization\",\"name\":\"Tende & More\",\"url\":\"https:\/\/www.tendeandmore.com\/de\/\",\"logo\":{\"@type\":\"ImageObject\",\"inLanguage\":\"de\",\"@id\":\"https:\/\/www.tendeandmore.com\/de\/#\/schema\/logo\/image\/\",\"url\":\"https:\/\/tendeandmore.com\/wp-content\/uploads\/logo-tendeandmore.svg\",\"contentUrl\":\"https:\/\/tendeandmore.com\/wp-content\/uploads\/logo-tendeandmore.svg\",\"width\":1,\"height\":1,\"caption\":\"Tende & More\"},\"image\":{\"@id\":\"https:\/\/www.tendeandmore.com\/de\/#\/schema\/logo\/image\/\"}}]}<\/script>\n<!-- \/ Yoast SEO plugin. -->","yoast_head_json":{"title":"Vorhang aus Melange-Schnur | Tende & More","description":"Vorhang aus Schnur in Melange-Farbt\u00f6nen. Widerstandsf\u00e4hig, waschbar, einfach zu installieren. Der Vorhang f\u00fcr T\u00fcren Made in Italy: Zuhause, B\u00fcro, Gesch\u00e4fte, Wohnmobile, Au\u00dfenbereiche.","robots":{"index":"index","follow":"follow","max-snippet":"max-snippet:-1","max-image-preview":"max-image-preview:large","max-video-preview":"max-video-preview:-1"},"canonical":"https:\/\/www.tendeandmore.com\/de\/produkt\/melange-schnur\/","og_locale":"de_DE","og_type":"article","og_title":"Vorhang aus Melange-Schnur | Tende & More","og_description":"Vorhang aus Schnur in Melange-Farbt\u00f6nen. Widerstandsf\u00e4hig, waschbar, einfach zu installieren. Der Vorhang f\u00fcr T\u00fcren Made in Italy: Zuhause, B\u00fcro, Gesch\u00e4fte, Wohnmobile, Au\u00dfenbereiche.","og_url":"https:\/\/www.tendeandmore.com\/de\/produkt\/melange-schnur\/","og_site_name":"Tende &amp; More","article_modified_time":"2023-04-06T14:29:27+00:00","og_image":[{"width":800,"height":600,"url":"https:\/\/www.tendeandmore.com\/wp-content\/uploads\/corda_melange.jpg","type":"image\/jpeg"}],"twitter_card":"summary_large_image","twitter_misc":{"Gesch\u00e4tzte Lesezeit":"2\u00a0Minuten"},"schema":{"@context":"https:\/\/schema.org","@graph":[{"@type":"WebPage","@id":"https:\/\/www.tendeandmore.com\/de\/produkt\/melange-schnur\/","url":"https:\/\/www.tendeandmore.com\/de\/produkt\/melange-schnur\/","name":"Vorhang aus Melange-Schnur | Tende & More","isPartOf":{"@id":"https:\/\/www.tendeandmore.com\/de\/#website"},"primaryImageOfPage":{"@id":"https:\/\/www.tendeandmore.com\/de\/produkt\/melange-schnur\/#primaryimage"},"image":{"@id":"https:\/\/www.tendeandmore.com\/de\/produkt\/melange-schnur\/#primaryimage"},"thumbnailUrl":"https:\/\/www.tendeandmore.com\/wp-content\/uploads\/corda_melange.jpg","datePublished":"2020-02-08T15:14:19+00:00","dateModified":"2023-04-06T14:29:27+00:00","description":"Vorhang aus Schnur in Melange-Farbt\u00f6nen. Widerstandsf\u00e4hig, waschbar, einfach zu installieren. Der Vorhang f\u00fcr T\u00fcren Made in Italy: Zuhause, B\u00fcro, Gesch\u00e4fte, Wohnmobile, Au\u00dfenbereiche.","breadcrumb":{"@id":"https:\/\/www.tendeandmore.com\/de\/produkt\/melange-schnur\/#breadcrumb"},"inLanguage":"de","potentialAction":[{"@type":"ReadAction","target":["https:\/\/www.tendeandmore.com\/de\/produkt\/melange-schnur\/"]}]},{"@type":"ImageObject","inLanguage":"de","@id":"https:\/\/www.tendeandmore.com\/de\/produkt\/melange-schnur\/#primaryimage","url":"https:\/\/www.tendeandmore.com\/wp-content\/uploads\/corda_melange.jpg","contentUrl":"https:\/\/www.tendeandmore.com\/wp-content\/uploads\/corda_melange.jpg","width":800,"height":600,"caption":"Tenda in corda melange"},{"@type":"BreadcrumbList","@id":"https:\/\/www.tendeandmore.com\/de\/produkt\/melange-schnur\/#breadcrumb","itemListElement":[{"@type":"ListItem","position":1,"name":"Unsere Vorh\u00e4nge","item":"https:\/\/www.tendeandmore.com\/catalogo-tende\/"},{"@type":"ListItem","position":2,"name":"Vorh\u00e4nge aus Schnur","item":"https:\/\/www.tendeandmore.com\/de\/produkt-kategorie\/vorhange-aus-schnur\/"},{"@type":"ListItem","position":3,"name":"Melange-Schnur"}]},{"@type":"WebSite","@id":"https:\/\/www.tendeandmore.com\/de\/#website","url":"https:\/\/www.tendeandmore.com\/de\/","name":"Tende &amp; More","description":"","publisher":{"@id":"https:\/\/www.tendeandmore.com\/de\/#organization"},"potentialAction":[{"@type":"SearchAction","target":{"@type":"EntryPoint","urlTemplate":"https:\/\/www.tendeandmore.com\/de\/?s={search_term_string}"},"query-input":{"@type":"PropertyValueSpecification","valueRequired":true,"valueName":"search_term_string"}}],"inLanguage":"de"},{"@type":"Organization","@id":"https:\/\/www.tendeandmore.com\/de\/#organization","name":"Tende & More","url":"https:\/\/www.tendeandmore.com\/de\/","logo":{"@type":"ImageObject","inLanguage":"de","@id":"https:\/\/www.tendeandmore.com\/de\/#\/schema\/logo\/image\/","url":"https:\/\/tendeandmore.com\/wp-content\/uploads\/logo-tendeandmore.svg","contentUrl":"https:\/\/tendeandmore.com\/wp-content\/uploads\/logo-tendeandmore.svg","width":1,"height":1,"caption":"Tende & More"},"image":{"@id":"https:\/\/www.tendeandmore.com\/de\/#\/schema\/logo\/image\/"}}]}},"_links":{"self":[{"href":"https:\/\/www.tendeandmore.com\/de\/wp-json\/wp\/v2\/product\/4975","targetHints":{"allow":["GET"]}}],"collection":[{"href":"https:\/\/www.tendeandmore.com\/de\/wp-json\/wp\/v2\/product"}],"about":[{"href":"https:\/\/www.tendeandmore.com\/de\/wp-json\/wp\/v2\/types\/product"}],"replies":[{"embeddable":true,"href":"https:\/\/www.tendeandmore.com\/de\/wp-json\/wp\/v2\/comments?post=4975"}],"wp:featuredmedia":[{"embeddable":true,"href":"https:\/\/www.tendeandmore.com\/de\/wp-json\/wp\/v2\/media\/2007"}],"wp:attachment":[{"href":"https:\/\/www.tendeandmore.com\/de\/wp-json\/wp\/v2\/media?parent=4975"}],"wp:term":[{"taxonomy":"product_brand","embeddable":true,"href":"https:\/\/www.tendeandmore.com\/de\/wp-json\/wp\/v2\/product_brand?post=4975"},{"taxonomy":"product_cat","embeddable":true,"href":"https:\/\/www.tendeandmore.com\/de\/wp-json\/wp\/v2\/product_cat?post=4975"},{"taxonomy":"product_tag","embeddable":true,"href":"https:\/\/www.tendeandmore.com\/de\/wp-json\/wp\/v2\/product_tag?post=4975"}],"curies":[{"name":"wp","href":"https:\/\/api.w.org\/{rel}","templated":true}]}}