{"id":4979,"date":"2020-01-20T18:05:10","date_gmt":"2020-01-20T17:05:10","guid":{"rendered":"https:\/\/tendeandmore.com\/prodotto\/sara\/"},"modified":"2023-04-06T16:46:04","modified_gmt":"2023-04-06T14:46:04","slug":"sara","status":"publish","type":"product","link":"https:\/\/www.tendeandmore.com\/de\/produkt\/sara\/","title":{"rendered":"Sara"},"content":{"rendered":"<h3 class=\"title-paragraph\">Beschreibung<\/h3>\n<p>Vorhang aus zu 100% recyclebarem PVC, mit spiralf\u00f6rmigen Schn\u00fcren verarbeitet, um die R\u00e4umlichkeiten zu trennen und vor Sonne, Insekten wie Fliegen und M\u00fccken und neugierigen Blicken mit einem Hauch Zweckm\u00e4\u00dfigkeit und gro\u00dfer \u00e4sthetischer Wirkung zu sch\u00fctzen.  <\/p>\n<p>Der Vorhang PVC Sara ist einfach zu installieren und schnell zu waschen: ein feuchter Schwamm ist ausreichend, um Staub effizient zu entfernen. Das verwendete Material macht ihn angenehm im Griff und ger\u00e4uschlos.   <\/p>\n<p>Der Vorhang ist sowohl f\u00fcr eine Innen- als auch Au\u00dfenverwendung perfekt: er ist in der Tat sowohl gegen UV-Strahlen als auch gegen Witterungseinfl\u00fcsse (K\u00e4lte, Regem usw.) best\u00e4ndig. Die spiralf\u00f6rmige Verarbeitung des transparenten, zweifarbigen oder einfarbigen PVC schafft entspannenden Licht- und Schattenspiele.<\/p>\n<h3 class=\"title-paragraph\">Personalisierung<\/h3>\n<p>Der Vorhang aus PVC Sara ist in unterschiedlichen Ausf\u00fchrungen mit faszinierenden Farbt\u00f6nen erh\u00e4ltlich: entdecken Sie die einfarbigen M\u00f6glichkeiten oder lassen Sie sich von den verschiedenen transparenten und farbigen Kombinationen faszinieren.   <\/p>\n<p>W\u00e4hlen Sie aus den Ma\u00dfen, den Profilen und den Accessoires, um die Konfiguration abzuschlie\u00dfen und Ihren Vorhang aus PVC einzigartig zu gestalten.<\/p>\n<h3 class=\"title-paragraph\">Ideal f\u00fcr<\/h3>\n<p>Trennen Sie Ihre R\u00e4umlichkeiten dank eines vielseitigen Einrichtungsgegenstandes, der f\u00fcr alle Umgebungen geeignet ist. Er sch\u00fctzt vor Insekten, Staub und Sonnenlicht, er beg\u00fcnstigt den Luftaustausch und sch\u00fctzt auch die Privatsph\u00e4re.  <\/p>\n<p>Hervorragend f\u00fcr Zuhause, Wohnmobile, Wohnwagen, Lagerr\u00e4ume, Gesch\u00e4fte und f\u00fcr \u00fcberall dort, wo eine leichte und best\u00e4ndige Barriere ben\u00f6tigt wird.<\/p>\n","protected":false},"excerpt":{"rendered":"<p>Hergestellt aus zu 100% recyclebarem PVC ist der Vorhang aus PVC Sara widerstandsf\u00e4hig und einfach zu waschen. Ger\u00e4uschlos und angenehm im Griff trennt er dank der spiralf\u00f6rmig verarbeiteten Schn\u00fcre die R\u00e4umlichkeiten sowohl innen als auch au\u00dfen. Entdecken Sie die Farbt\u00f6ne und die Farbkombinationen und Transparenzen.<\/p>\n","protected":false},"featured_media":2027,"comment_status":"closed","ping_status":"closed","template":"","meta":[],"product_brand":[],"product_cat":[557],"product_tag":[],"class_list":{"0":"post-4979","1":"product","2":"type-product","3":"status-publish","4":"has-post-thumbnail","6":"product_cat-vorhange-aus-pvc","8":"first","9":"instock","10":"shipping-taxable","11":"purchasable","12":"product-type-simple"},"acf":[],"yoast_head":"<!-- This site is optimized with the Yoast SEO plugin v24.8.1 - https:\/\/yoast.com\/wordpress\/plugins\/seo\/ -->\n<title>Vorhang aus PVC Sara | Tende &amp; More<\/title>\n<meta name=\"description\" content=\"Sara, Vorhang aus zu 100% recyclebarem PVC. Widerstandsf\u00e4hig, einfach zu installieren und zu reinigen. Der Vorhang f\u00fcr T\u00fcren Made in Italy: Zuhause, B\u00fcro, Gesch\u00e4fte, Wohnmobile, Au\u00dfenbereiche.\" \/>\n<meta name=\"robots\" content=\"index, follow, max-snippet:-1, max-image-preview:large, max-video-preview:-1\" \/>\n<link rel=\"canonical\" href=\"https:\/\/www.tendeandmore.com\/de\/produkt\/sara\/\" \/>\n<meta property=\"og:locale\" content=\"de_DE\" \/>\n<meta property=\"og:type\" content=\"article\" \/>\n<meta property=\"og:title\" content=\"Vorhang aus PVC Sara | Tende &amp; More\" \/>\n<meta property=\"og:description\" content=\"Sara, Vorhang aus zu 100% recyclebarem PVC. Widerstandsf\u00e4hig, einfach zu installieren und zu reinigen. Der Vorhang f\u00fcr T\u00fcren Made in Italy: Zuhause, B\u00fcro, Gesch\u00e4fte, Wohnmobile, Au\u00dfenbereiche.\" \/>\n<meta property=\"og:url\" content=\"https:\/\/www.tendeandmore.com\/de\/produkt\/sara\/\" \/>\n<meta property=\"og:site_name\" content=\"Tende &amp; More\" \/>\n<meta property=\"article:modified_time\" content=\"2023-04-06T14:46:04+00:00\" \/>\n<meta property=\"og:image\" content=\"https:\/\/www.tendeandmore.com\/wp-content\/uploads\/sara_376.jpg\" \/>\n\t<meta property=\"og:image:width\" content=\"800\" \/>\n\t<meta property=\"og:image:height\" content=\"600\" \/>\n\t<meta property=\"og:image:type\" content=\"image\/jpeg\" \/>\n<meta name=\"twitter:card\" content=\"summary_large_image\" \/>\n<meta name=\"twitter:label1\" content=\"Gesch\u00e4tzte Lesezeit\" \/>\n\t<meta name=\"twitter:data1\" content=\"2\u00a0Minuten\" \/>\n<script type=\"application\/ld+json\" class=\"yoast-schema-graph\">{\"@context\":\"https:\/\/schema.org\",\"@graph\":[{\"@type\":\"WebPage\",\"@id\":\"https:\/\/www.tendeandmore.com\/de\/produkt\/sara\/\",\"url\":\"https:\/\/www.tendeandmore.com\/de\/produkt\/sara\/\",\"name\":\"Vorhang aus PVC Sara | Tende & More\",\"isPartOf\":{\"@id\":\"https:\/\/www.tendeandmore.com\/de\/#website\"},\"primaryImageOfPage\":{\"@id\":\"https:\/\/www.tendeandmore.com\/de\/produkt\/sara\/#primaryimage\"},\"image\":{\"@id\":\"https:\/\/www.tendeandmore.com\/de\/produkt\/sara\/#primaryimage\"},\"thumbnailUrl\":\"https:\/\/www.tendeandmore.com\/wp-content\/uploads\/sara_376.jpg\",\"datePublished\":\"2020-01-20T17:05:10+00:00\",\"dateModified\":\"2023-04-06T14:46:04+00:00\",\"description\":\"Sara, Vorhang aus zu 100% recyclebarem PVC. Widerstandsf\u00e4hig, einfach zu installieren und zu reinigen. Der Vorhang f\u00fcr T\u00fcren Made in Italy: Zuhause, B\u00fcro, Gesch\u00e4fte, Wohnmobile, Au\u00dfenbereiche.\",\"breadcrumb\":{\"@id\":\"https:\/\/www.tendeandmore.com\/de\/produkt\/sara\/#breadcrumb\"},\"inLanguage\":\"de\",\"potentialAction\":[{\"@type\":\"ReadAction\",\"target\":[\"https:\/\/www.tendeandmore.com\/de\/produkt\/sara\/\"]}]},{\"@type\":\"ImageObject\",\"inLanguage\":\"de\",\"@id\":\"https:\/\/www.tendeandmore.com\/de\/produkt\/sara\/#primaryimage\",\"url\":\"https:\/\/www.tendeandmore.com\/wp-content\/uploads\/sara_376.jpg\",\"contentUrl\":\"https:\/\/www.tendeandmore.com\/wp-content\/uploads\/sara_376.jpg\",\"width\":800,\"height\":600,\"caption\":\"Tenda in PVC Sara\"},{\"@type\":\"BreadcrumbList\",\"@id\":\"https:\/\/www.tendeandmore.com\/de\/produkt\/sara\/#breadcrumb\",\"itemListElement\":[{\"@type\":\"ListItem\",\"position\":1,\"name\":\"Unsere Vorh\u00e4nge\",\"item\":\"https:\/\/www.tendeandmore.com\/catalogo-tende\/\"},{\"@type\":\"ListItem\",\"position\":2,\"name\":\"Vorh\u00e4nge aus PVC\",\"item\":\"https:\/\/www.tendeandmore.com\/de\/produkt-kategorie\/vorhange-aus-pvc\/\"},{\"@type\":\"ListItem\",\"position\":3,\"name\":\"Sara\"}]},{\"@type\":\"WebSite\",\"@id\":\"https:\/\/www.tendeandmore.com\/de\/#website\",\"url\":\"https:\/\/www.tendeandmore.com\/de\/\",\"name\":\"Tende &amp; More\",\"description\":\"\",\"publisher\":{\"@id\":\"https:\/\/www.tendeandmore.com\/de\/#organization\"},\"potentialAction\":[{\"@type\":\"SearchAction\",\"target\":{\"@type\":\"EntryPoint\",\"urlTemplate\":\"https:\/\/www.tendeandmore.com\/de\/?s={search_term_string}\"},\"query-input\":{\"@type\":\"PropertyValueSpecification\",\"valueRequired\":true,\"valueName\":\"search_term_string\"}}],\"inLanguage\":\"de\"},{\"@type\":\"Organization\",\"@id\":\"https:\/\/www.tendeandmore.com\/de\/#organization\",\"name\":\"Tende & More\",\"url\":\"https:\/\/www.tendeandmore.com\/de\/\",\"logo\":{\"@type\":\"ImageObject\",\"inLanguage\":\"de\",\"@id\":\"https:\/\/www.tendeandmore.com\/de\/#\/schema\/logo\/image\/\",\"url\":\"https:\/\/tendeandmore.com\/wp-content\/uploads\/logo-tendeandmore.svg\",\"contentUrl\":\"https:\/\/tendeandmore.com\/wp-content\/uploads\/logo-tendeandmore.svg\",\"width\":1,\"height\":1,\"caption\":\"Tende & More\"},\"image\":{\"@id\":\"https:\/\/www.tendeandmore.com\/de\/#\/schema\/logo\/image\/\"}}]}<\/script>\n<!-- \/ Yoast SEO plugin. -->","yoast_head_json":{"title":"Vorhang aus PVC Sara | Tende & More","description":"Sara, Vorhang aus zu 100% recyclebarem PVC. Widerstandsf\u00e4hig, einfach zu installieren und zu reinigen. Der Vorhang f\u00fcr T\u00fcren Made in Italy: Zuhause, B\u00fcro, Gesch\u00e4fte, Wohnmobile, Au\u00dfenbereiche.","robots":{"index":"index","follow":"follow","max-snippet":"max-snippet:-1","max-image-preview":"max-image-preview:large","max-video-preview":"max-video-preview:-1"},"canonical":"https:\/\/www.tendeandmore.com\/de\/produkt\/sara\/","og_locale":"de_DE","og_type":"article","og_title":"Vorhang aus PVC Sara | Tende & More","og_description":"Sara, Vorhang aus zu 100% recyclebarem PVC. Widerstandsf\u00e4hig, einfach zu installieren und zu reinigen. Der Vorhang f\u00fcr T\u00fcren Made in Italy: Zuhause, B\u00fcro, Gesch\u00e4fte, Wohnmobile, Au\u00dfenbereiche.","og_url":"https:\/\/www.tendeandmore.com\/de\/produkt\/sara\/","og_site_name":"Tende &amp; More","article_modified_time":"2023-04-06T14:46:04+00:00","og_image":[{"width":800,"height":600,"url":"https:\/\/www.tendeandmore.com\/wp-content\/uploads\/sara_376.jpg","type":"image\/jpeg"}],"twitter_card":"summary_large_image","twitter_misc":{"Gesch\u00e4tzte Lesezeit":"2\u00a0Minuten"},"schema":{"@context":"https:\/\/schema.org","@graph":[{"@type":"WebPage","@id":"https:\/\/www.tendeandmore.com\/de\/produkt\/sara\/","url":"https:\/\/www.tendeandmore.com\/de\/produkt\/sara\/","name":"Vorhang aus PVC Sara | Tende & More","isPartOf":{"@id":"https:\/\/www.tendeandmore.com\/de\/#website"},"primaryImageOfPage":{"@id":"https:\/\/www.tendeandmore.com\/de\/produkt\/sara\/#primaryimage"},"image":{"@id":"https:\/\/www.tendeandmore.com\/de\/produkt\/sara\/#primaryimage"},"thumbnailUrl":"https:\/\/www.tendeandmore.com\/wp-content\/uploads\/sara_376.jpg","datePublished":"2020-01-20T17:05:10+00:00","dateModified":"2023-04-06T14:46:04+00:00","description":"Sara, Vorhang aus zu 100% recyclebarem PVC. Widerstandsf\u00e4hig, einfach zu installieren und zu reinigen. Der Vorhang f\u00fcr T\u00fcren Made in Italy: Zuhause, B\u00fcro, Gesch\u00e4fte, Wohnmobile, Au\u00dfenbereiche.","breadcrumb":{"@id":"https:\/\/www.tendeandmore.com\/de\/produkt\/sara\/#breadcrumb"},"inLanguage":"de","potentialAction":[{"@type":"ReadAction","target":["https:\/\/www.tendeandmore.com\/de\/produkt\/sara\/"]}]},{"@type":"ImageObject","inLanguage":"de","@id":"https:\/\/www.tendeandmore.com\/de\/produkt\/sara\/#primaryimage","url":"https:\/\/www.tendeandmore.com\/wp-content\/uploads\/sara_376.jpg","contentUrl":"https:\/\/www.tendeandmore.com\/wp-content\/uploads\/sara_376.jpg","width":800,"height":600,"caption":"Tenda in PVC Sara"},{"@type":"BreadcrumbList","@id":"https:\/\/www.tendeandmore.com\/de\/produkt\/sara\/#breadcrumb","itemListElement":[{"@type":"ListItem","position":1,"name":"Unsere Vorh\u00e4nge","item":"https:\/\/www.tendeandmore.com\/catalogo-tende\/"},{"@type":"ListItem","position":2,"name":"Vorh\u00e4nge aus PVC","item":"https:\/\/www.tendeandmore.com\/de\/produkt-kategorie\/vorhange-aus-pvc\/"},{"@type":"ListItem","position":3,"name":"Sara"}]},{"@type":"WebSite","@id":"https:\/\/www.tendeandmore.com\/de\/#website","url":"https:\/\/www.tendeandmore.com\/de\/","name":"Tende &amp; More","description":"","publisher":{"@id":"https:\/\/www.tendeandmore.com\/de\/#organization"},"potentialAction":[{"@type":"SearchAction","target":{"@type":"EntryPoint","urlTemplate":"https:\/\/www.tendeandmore.com\/de\/?s={search_term_string}"},"query-input":{"@type":"PropertyValueSpecification","valueRequired":true,"valueName":"search_term_string"}}],"inLanguage":"de"},{"@type":"Organization","@id":"https:\/\/www.tendeandmore.com\/de\/#organization","name":"Tende & More","url":"https:\/\/www.tendeandmore.com\/de\/","logo":{"@type":"ImageObject","inLanguage":"de","@id":"https:\/\/www.tendeandmore.com\/de\/#\/schema\/logo\/image\/","url":"https:\/\/tendeandmore.com\/wp-content\/uploads\/logo-tendeandmore.svg","contentUrl":"https:\/\/tendeandmore.com\/wp-content\/uploads\/logo-tendeandmore.svg","width":1,"height":1,"caption":"Tende & More"},"image":{"@id":"https:\/\/www.tendeandmore.com\/de\/#\/schema\/logo\/image\/"}}]}},"_links":{"self":[{"href":"https:\/\/www.tendeandmore.com\/de\/wp-json\/wp\/v2\/product\/4979","targetHints":{"allow":["GET"]}}],"collection":[{"href":"https:\/\/www.tendeandmore.com\/de\/wp-json\/wp\/v2\/product"}],"about":[{"href":"https:\/\/www.tendeandmore.com\/de\/wp-json\/wp\/v2\/types\/product"}],"replies":[{"embeddable":true,"href":"https:\/\/www.tendeandmore.com\/de\/wp-json\/wp\/v2\/comments?post=4979"}],"wp:featuredmedia":[{"embeddable":true,"href":"https:\/\/www.tendeandmore.com\/de\/wp-json\/wp\/v2\/media\/2027"}],"wp:attachment":[{"href":"https:\/\/www.tendeandmore.com\/de\/wp-json\/wp\/v2\/media?parent=4979"}],"wp:term":[{"taxonomy":"product_brand","embeddable":true,"href":"https:\/\/www.tendeandmore.com\/de\/wp-json\/wp\/v2\/product_brand?post=4979"},{"taxonomy":"product_cat","embeddable":true,"href":"https:\/\/www.tendeandmore.com\/de\/wp-json\/wp\/v2\/product_cat?post=4979"},{"taxonomy":"product_tag","embeddable":true,"href":"https:\/\/www.tendeandmore.com\/de\/wp-json\/wp\/v2\/product_tag?post=4979"}],"curies":[{"name":"wp","href":"https:\/\/api.w.org\/{rel}","templated":true}]}}