{"id":4980,"date":"2020-01-20T18:04:41","date_gmt":"2020-01-20T17:04:41","guid":{"rendered":"https:\/\/tendeandmore.com\/prodotto\/torsad\/"},"modified":"2023-04-06T16:49:21","modified_gmt":"2023-04-06T14:49:21","slug":"torsad","status":"publish","type":"product","link":"https:\/\/www.tendeandmore.com\/de\/produkt\/torsad\/","title":{"rendered":"Torsad"},"content":{"rendered":"<h3 class=\"title-paragraph\">Beschreibung<\/h3>\n<p>Fliegenschutz und Sonnenschutzvorhang, der aus zu 100% recyclebarem PVC hergestellt wurde, ein ger\u00e4uschloses und im Griff angenehmes Material, das gleichzeitig \u00fcber eine lange Haltbarkeit verf\u00fcgt. Die Schn\u00fcre des Vorhangs, die in unterschiedlichen Farbt\u00f6nen und Verarbeitungen erh\u00e4ltlich sind, sind mit einem feuchten Schwamm waschbar und sowohl gegen UV-Sonnenstrahlen als auch gegen niedrige Temperaturen best\u00e4ndig.  <\/p>\n<p>Das Muster der Schn\u00fcre des Vorhangs aus PVC offenbart einen in einer Spirale eingefassten Kristallkern mit lebhaften Farben: das Spiel der Farbt\u00f6ne und Transparenzen versch\u00f6nert die R\u00e4umlichkeiten mit einem unvergesslichen Effekt. <\/p>\n<h3 class=\"title-paragraph\">Personalisierung<\/h3>\n<p>Konfigurieren Sie Ihren Vorhang aus PVC, indem Sie aus den unterschiedlichen Personalisierungsm\u00f6glichkeiten w\u00e4hlen und einen in seiner Art einzigartigen Einrichtungsgegenstand kreieren: w\u00e4hlen Sie aus den unterschiedlichen erh\u00e4ltlichen Farbt\u00f6nen und dr\u00fccken Sie Ihren Geschmack und Ihre Pers\u00f6nlichkeit aus.<\/p>\n<p>Entdecken Sie die Ma\u00dfe, Profilen und die verschiedenen Accessoires, um die Konfiguration Ihres Vorhang aus PVC abzuschlie\u00dfen.<\/p>\n<h3 class=\"title-paragraph\">Ideal f\u00fcr<\/h3>\n<p>Die Eigenschaften des PVC machen den Fliegenschutzvorhang Torsad f\u00fcr jede Art von Anwendung sowohl innen als auch au\u00dfen geeignet. Er sch\u00fctzt vor Insekten, Staub, Sonnenlicht und neugierigen Blicken, indem er angenehme Licht- und Schattenspiele schafft, die den R\u00e4umlichkeiten eine angenehme und entspannende Atmosph\u00e4re verleihen.  <\/p>\n<p>Perfekt f\u00fcr Zuhause, Wohnmobile, Wohnwagen, Lagerr\u00e4ume, Gesch\u00e4fte und f\u00fcr \u00fcberall dort, wo eine leichte und best\u00e4ndige Barriere ben\u00f6tigt wird.<\/p>\n","protected":false},"excerpt":{"rendered":"<p>Die einzigartige Geometrie von Torsad gioca spielt mit Transparenzen und lebhaften Farben und verleiht den R\u00e4umlichkeiten einen modernen Touch. Der Vorhang wurde aus zu 100% recyclebarem, ger\u00e4uschlosem und im Griff weichem PVC hergestellt und ist sowohl f\u00fcr Innenr\u00e4ume als auch Innenumgebungen ideal.<\/p>\n","protected":false},"featured_media":2017,"comment_status":"closed","ping_status":"closed","template":"","meta":[],"product_brand":[],"product_cat":[557],"product_tag":[],"class_list":{"0":"post-4980","1":"product","2":"type-product","3":"status-publish","4":"has-post-thumbnail","6":"product_cat-vorhange-aus-pvc","8":"first","9":"instock","10":"shipping-taxable","11":"purchasable","12":"product-type-simple"},"acf":[],"yoast_head":"<!-- This site is optimized with the Yoast SEO plugin v24.8.1 - https:\/\/yoast.com\/wordpress\/plugins\/seo\/ -->\n<title>Vorhang aus PVC Torsad | Tende &amp; More<\/title>\n<meta name=\"description\" content=\"Torsad, Vorhang aus zu 100% recyclebarem PVC. Widerstandsf\u00e4hig, einfach zu installieren und zu reinigen. Der Vorhang f\u00fcr T\u00fcren Made in Italy: Zuhause, B\u00fcro, Gesch\u00e4fte, Wohnmobile.\" \/>\n<meta name=\"robots\" content=\"index, follow, max-snippet:-1, max-image-preview:large, max-video-preview:-1\" \/>\n<link rel=\"canonical\" href=\"https:\/\/www.tendeandmore.com\/de\/produkt\/torsad\/\" \/>\n<meta property=\"og:locale\" content=\"de_DE\" \/>\n<meta property=\"og:type\" content=\"article\" \/>\n<meta property=\"og:title\" content=\"Vorhang aus PVC Torsad | Tende &amp; More\" \/>\n<meta property=\"og:description\" content=\"Torsad, Vorhang aus zu 100% recyclebarem PVC. Widerstandsf\u00e4hig, einfach zu installieren und zu reinigen. Der Vorhang f\u00fcr T\u00fcren Made in Italy: Zuhause, B\u00fcro, Gesch\u00e4fte, Wohnmobile.\" \/>\n<meta property=\"og:url\" content=\"https:\/\/www.tendeandmore.com\/de\/produkt\/torsad\/\" \/>\n<meta property=\"og:site_name\" content=\"Tende &amp; More\" \/>\n<meta property=\"article:modified_time\" content=\"2023-04-06T14:49:21+00:00\" \/>\n<meta property=\"og:image\" content=\"https:\/\/www.tendeandmore.com\/wp-content\/uploads\/torsad_372.jpg\" \/>\n\t<meta property=\"og:image:width\" content=\"800\" \/>\n\t<meta property=\"og:image:height\" content=\"600\" \/>\n\t<meta property=\"og:image:type\" content=\"image\/jpeg\" \/>\n<meta name=\"twitter:card\" content=\"summary_large_image\" \/>\n<meta name=\"twitter:label1\" content=\"Gesch\u00e4tzte Lesezeit\" \/>\n\t<meta name=\"twitter:data1\" content=\"2\u00a0Minuten\" \/>\n<script type=\"application\/ld+json\" class=\"yoast-schema-graph\">{\"@context\":\"https:\/\/schema.org\",\"@graph\":[{\"@type\":\"WebPage\",\"@id\":\"https:\/\/www.tendeandmore.com\/de\/produkt\/torsad\/\",\"url\":\"https:\/\/www.tendeandmore.com\/de\/produkt\/torsad\/\",\"name\":\"Vorhang aus PVC Torsad | Tende & More\",\"isPartOf\":{\"@id\":\"https:\/\/www.tendeandmore.com\/de\/#website\"},\"primaryImageOfPage\":{\"@id\":\"https:\/\/www.tendeandmore.com\/de\/produkt\/torsad\/#primaryimage\"},\"image\":{\"@id\":\"https:\/\/www.tendeandmore.com\/de\/produkt\/torsad\/#primaryimage\"},\"thumbnailUrl\":\"https:\/\/www.tendeandmore.com\/wp-content\/uploads\/torsad_372.jpg\",\"datePublished\":\"2020-01-20T17:04:41+00:00\",\"dateModified\":\"2023-04-06T14:49:21+00:00\",\"description\":\"Torsad, Vorhang aus zu 100% recyclebarem PVC. Widerstandsf\u00e4hig, einfach zu installieren und zu reinigen. Der Vorhang f\u00fcr T\u00fcren Made in Italy: Zuhause, B\u00fcro, Gesch\u00e4fte, Wohnmobile.\",\"breadcrumb\":{\"@id\":\"https:\/\/www.tendeandmore.com\/de\/produkt\/torsad\/#breadcrumb\"},\"inLanguage\":\"de\",\"potentialAction\":[{\"@type\":\"ReadAction\",\"target\":[\"https:\/\/www.tendeandmore.com\/de\/produkt\/torsad\/\"]}]},{\"@type\":\"ImageObject\",\"inLanguage\":\"de\",\"@id\":\"https:\/\/www.tendeandmore.com\/de\/produkt\/torsad\/#primaryimage\",\"url\":\"https:\/\/www.tendeandmore.com\/wp-content\/uploads\/torsad_372.jpg\",\"contentUrl\":\"https:\/\/www.tendeandmore.com\/wp-content\/uploads\/torsad_372.jpg\",\"width\":800,\"height\":600,\"caption\":\"Tenda in PVC Torsad\"},{\"@type\":\"BreadcrumbList\",\"@id\":\"https:\/\/www.tendeandmore.com\/de\/produkt\/torsad\/#breadcrumb\",\"itemListElement\":[{\"@type\":\"ListItem\",\"position\":1,\"name\":\"Unsere Vorh\u00e4nge\",\"item\":\"https:\/\/www.tendeandmore.com\/catalogo-tende\/\"},{\"@type\":\"ListItem\",\"position\":2,\"name\":\"Vorh\u00e4nge aus PVC\",\"item\":\"https:\/\/www.tendeandmore.com\/de\/produkt-kategorie\/vorhange-aus-pvc\/\"},{\"@type\":\"ListItem\",\"position\":3,\"name\":\"Torsad\"}]},{\"@type\":\"WebSite\",\"@id\":\"https:\/\/www.tendeandmore.com\/de\/#website\",\"url\":\"https:\/\/www.tendeandmore.com\/de\/\",\"name\":\"Tende &amp; More\",\"description\":\"\",\"publisher\":{\"@id\":\"https:\/\/www.tendeandmore.com\/de\/#organization\"},\"potentialAction\":[{\"@type\":\"SearchAction\",\"target\":{\"@type\":\"EntryPoint\",\"urlTemplate\":\"https:\/\/www.tendeandmore.com\/de\/?s={search_term_string}\"},\"query-input\":{\"@type\":\"PropertyValueSpecification\",\"valueRequired\":true,\"valueName\":\"search_term_string\"}}],\"inLanguage\":\"de\"},{\"@type\":\"Organization\",\"@id\":\"https:\/\/www.tendeandmore.com\/de\/#organization\",\"name\":\"Tende & More\",\"url\":\"https:\/\/www.tendeandmore.com\/de\/\",\"logo\":{\"@type\":\"ImageObject\",\"inLanguage\":\"de\",\"@id\":\"https:\/\/www.tendeandmore.com\/de\/#\/schema\/logo\/image\/\",\"url\":\"https:\/\/tendeandmore.com\/wp-content\/uploads\/logo-tendeandmore.svg\",\"contentUrl\":\"https:\/\/tendeandmore.com\/wp-content\/uploads\/logo-tendeandmore.svg\",\"width\":1,\"height\":1,\"caption\":\"Tende & More\"},\"image\":{\"@id\":\"https:\/\/www.tendeandmore.com\/de\/#\/schema\/logo\/image\/\"}}]}<\/script>\n<!-- \/ Yoast SEO plugin. -->","yoast_head_json":{"title":"Vorhang aus PVC Torsad | Tende & More","description":"Torsad, Vorhang aus zu 100% recyclebarem PVC. Widerstandsf\u00e4hig, einfach zu installieren und zu reinigen. Der Vorhang f\u00fcr T\u00fcren Made in Italy: Zuhause, B\u00fcro, Gesch\u00e4fte, Wohnmobile.","robots":{"index":"index","follow":"follow","max-snippet":"max-snippet:-1","max-image-preview":"max-image-preview:large","max-video-preview":"max-video-preview:-1"},"canonical":"https:\/\/www.tendeandmore.com\/de\/produkt\/torsad\/","og_locale":"de_DE","og_type":"article","og_title":"Vorhang aus PVC Torsad | Tende & More","og_description":"Torsad, Vorhang aus zu 100% recyclebarem PVC. Widerstandsf\u00e4hig, einfach zu installieren und zu reinigen. Der Vorhang f\u00fcr T\u00fcren Made in Italy: Zuhause, B\u00fcro, Gesch\u00e4fte, Wohnmobile.","og_url":"https:\/\/www.tendeandmore.com\/de\/produkt\/torsad\/","og_site_name":"Tende &amp; More","article_modified_time":"2023-04-06T14:49:21+00:00","og_image":[{"width":800,"height":600,"url":"https:\/\/www.tendeandmore.com\/wp-content\/uploads\/torsad_372.jpg","type":"image\/jpeg"}],"twitter_card":"summary_large_image","twitter_misc":{"Gesch\u00e4tzte Lesezeit":"2\u00a0Minuten"},"schema":{"@context":"https:\/\/schema.org","@graph":[{"@type":"WebPage","@id":"https:\/\/www.tendeandmore.com\/de\/produkt\/torsad\/","url":"https:\/\/www.tendeandmore.com\/de\/produkt\/torsad\/","name":"Vorhang aus PVC Torsad | Tende & More","isPartOf":{"@id":"https:\/\/www.tendeandmore.com\/de\/#website"},"primaryImageOfPage":{"@id":"https:\/\/www.tendeandmore.com\/de\/produkt\/torsad\/#primaryimage"},"image":{"@id":"https:\/\/www.tendeandmore.com\/de\/produkt\/torsad\/#primaryimage"},"thumbnailUrl":"https:\/\/www.tendeandmore.com\/wp-content\/uploads\/torsad_372.jpg","datePublished":"2020-01-20T17:04:41+00:00","dateModified":"2023-04-06T14:49:21+00:00","description":"Torsad, Vorhang aus zu 100% recyclebarem PVC. Widerstandsf\u00e4hig, einfach zu installieren und zu reinigen. Der Vorhang f\u00fcr T\u00fcren Made in Italy: Zuhause, B\u00fcro, Gesch\u00e4fte, Wohnmobile.","breadcrumb":{"@id":"https:\/\/www.tendeandmore.com\/de\/produkt\/torsad\/#breadcrumb"},"inLanguage":"de","potentialAction":[{"@type":"ReadAction","target":["https:\/\/www.tendeandmore.com\/de\/produkt\/torsad\/"]}]},{"@type":"ImageObject","inLanguage":"de","@id":"https:\/\/www.tendeandmore.com\/de\/produkt\/torsad\/#primaryimage","url":"https:\/\/www.tendeandmore.com\/wp-content\/uploads\/torsad_372.jpg","contentUrl":"https:\/\/www.tendeandmore.com\/wp-content\/uploads\/torsad_372.jpg","width":800,"height":600,"caption":"Tenda in PVC Torsad"},{"@type":"BreadcrumbList","@id":"https:\/\/www.tendeandmore.com\/de\/produkt\/torsad\/#breadcrumb","itemListElement":[{"@type":"ListItem","position":1,"name":"Unsere Vorh\u00e4nge","item":"https:\/\/www.tendeandmore.com\/catalogo-tende\/"},{"@type":"ListItem","position":2,"name":"Vorh\u00e4nge aus PVC","item":"https:\/\/www.tendeandmore.com\/de\/produkt-kategorie\/vorhange-aus-pvc\/"},{"@type":"ListItem","position":3,"name":"Torsad"}]},{"@type":"WebSite","@id":"https:\/\/www.tendeandmore.com\/de\/#website","url":"https:\/\/www.tendeandmore.com\/de\/","name":"Tende &amp; More","description":"","publisher":{"@id":"https:\/\/www.tendeandmore.com\/de\/#organization"},"potentialAction":[{"@type":"SearchAction","target":{"@type":"EntryPoint","urlTemplate":"https:\/\/www.tendeandmore.com\/de\/?s={search_term_string}"},"query-input":{"@type":"PropertyValueSpecification","valueRequired":true,"valueName":"search_term_string"}}],"inLanguage":"de"},{"@type":"Organization","@id":"https:\/\/www.tendeandmore.com\/de\/#organization","name":"Tende & More","url":"https:\/\/www.tendeandmore.com\/de\/","logo":{"@type":"ImageObject","inLanguage":"de","@id":"https:\/\/www.tendeandmore.com\/de\/#\/schema\/logo\/image\/","url":"https:\/\/tendeandmore.com\/wp-content\/uploads\/logo-tendeandmore.svg","contentUrl":"https:\/\/tendeandmore.com\/wp-content\/uploads\/logo-tendeandmore.svg","width":1,"height":1,"caption":"Tende & More"},"image":{"@id":"https:\/\/www.tendeandmore.com\/de\/#\/schema\/logo\/image\/"}}]}},"_links":{"self":[{"href":"https:\/\/www.tendeandmore.com\/de\/wp-json\/wp\/v2\/product\/4980","targetHints":{"allow":["GET"]}}],"collection":[{"href":"https:\/\/www.tendeandmore.com\/de\/wp-json\/wp\/v2\/product"}],"about":[{"href":"https:\/\/www.tendeandmore.com\/de\/wp-json\/wp\/v2\/types\/product"}],"replies":[{"embeddable":true,"href":"https:\/\/www.tendeandmore.com\/de\/wp-json\/wp\/v2\/comments?post=4980"}],"wp:featuredmedia":[{"embeddable":true,"href":"https:\/\/www.tendeandmore.com\/de\/wp-json\/wp\/v2\/media\/2017"}],"wp:attachment":[{"href":"https:\/\/www.tendeandmore.com\/de\/wp-json\/wp\/v2\/media?parent=4980"}],"wp:term":[{"taxonomy":"product_brand","embeddable":true,"href":"https:\/\/www.tendeandmore.com\/de\/wp-json\/wp\/v2\/product_brand?post=4980"},{"taxonomy":"product_cat","embeddable":true,"href":"https:\/\/www.tendeandmore.com\/de\/wp-json\/wp\/v2\/product_cat?post=4980"},{"taxonomy":"product_tag","embeddable":true,"href":"https:\/\/www.tendeandmore.com\/de\/wp-json\/wp\/v2\/product_tag?post=4980"}],"curies":[{"name":"wp","href":"https:\/\/api.w.org\/{rel}","templated":true}]}}