{"id":4984,"date":"2019-12-27T18:25:21","date_gmt":"2019-12-27T17:25:21","guid":{"rendered":"https:\/\/tendeandmore.com\/prodotto\/ciniglia-double\/"},"modified":"2023-04-06T16:15:15","modified_gmt":"2023-04-06T14:15:15","slug":"double-chenille","status":"publish","type":"product","link":"https:\/\/www.tendeandmore.com\/de\/produkt\/double-chenille\/","title":{"rendered":"Double-Chenille"},"content":{"rendered":"<h3 class=\"title-paragraph\">Beschreibung<\/h3>\n<p>Vorhang aus Double-Chenille, die aus qualitativ hochwertigen Polypropylenfasern mit doppelter St\u00e4rke, die vollst\u00e4ndig recyclebar sind, hergestellt wurde. Die Chenille mit Lux-Qualit\u00e4t ist zu 100% Made in Italy und macht den Vorgang besonders weich im Griff und ger\u00e4uschlos. Gleichzeig verleiht er den R\u00e4umlichkeiten einen komfortablen und einladenden Stil. Die doppelte St\u00e4rke der Fasern mach den Vorhang widerstandsf\u00e4higer und auch f\u00fcr die elegantesten R\u00e4ume geeignet.     <\/p>\n<p>Die Chenille verf\u00fcgt \u00fcber eine hohe Verdunklungskraft und eignet sich perfekt, um die R\u00e4umlichkeiten vor Sonnenlicht, neugierigen Blicken, Staub und Insekten zu sch\u00fctzen.<br \/>\nDer Double-Vorhang ist auch in der Maschine waschbar. Er wird auf PVC-Schienen verpackt und verf\u00fcgt \u00fcber Befestigungshaken, um die Installation in jeder Umgebung einfach und schnell zu gestalten.<\/p>\n<h3 class=\"title-paragraph\">Personalisierung<\/h3>\n<p>Personalisieren Sie den Vorhang aus Double-Chenille, indem Sie aus Dutzenden Farben w\u00e4hlen, um Ihren Geschmack und Ihre Pers\u00f6nlichkeit \u00fcber Ihre R\u00e4umlichkeiten auszudr\u00fccken. Sie finden klassische Farbt\u00f6ne wie Wei\u00df, Creme, Blau oder Gr\u00fcn oder Sie k\u00f6nnen den Vorhang dank der Melange-Farbt\u00f6ne einen modischen farbenfrohen Hauch verleihen.   <\/p>\n<p>Vervollst\u00e4ndigen Sie den Stil Ihres Vorhangs aus Double-Chenille, indem Sie aus den Profilen und Accessoires die Farbe ausw\u00e4hlen, die am besten zu Ihrer Wahl passt.<\/p>\n<h3 class=\"title-paragraph\">Ideal f\u00fcr<\/h3>\n<p>Perfekt f\u00fcr alle Arten von Anwendungen, sowohl in Au\u00dfen- als auch Innenbereichen, eignet er sich besonders f\u00fcr die Schaffung von ma\u00dfgefertigten Vorh\u00e4ngen im House &#038; Contract-Sektor. Er wird eingesetzt, um die R\u00e4umlichkeiten von H\u00e4usern und Gesch\u00e4ften mit einem Hauch klassischen, farbenfrohen Geschmack und mit angenehmen Design zu bel\u00fcften und zu unterteilen.   <\/p>\n<p>Perfekt, um die T\u00fcren von Wohnmobilen und die Zug\u00e4nge zu Pavillons vor der Sonne und vor Insekten zu sch\u00fctzen und f\u00fcr hunderte weitere Anwendungen (Lagerr\u00e4ume, Messebereich, Logistik usw.).<\/p>\n","protected":false},"excerpt":{"rendered":"<p>Er wird aus zu 100% recyclebaren Polypropylen hergestellt. Die doppelte St\u00e4rke der Fasern verleiht einen gr\u00f6\u00dferen Widerstand. Ger\u00e4uschlos, verdunkelnd und angenehm im Griff ist der Vorhang aus Double-Chenille auch f\u00fcr die elegantesten R\u00e4umlichkeiten perfekt.<\/p>\n","protected":false},"featured_media":1941,"comment_status":"open","ping_status":"closed","template":"","meta":[],"product_brand":[],"product_cat":[555],"product_tag":[],"class_list":{"0":"post-4984","1":"product","2":"type-product","3":"status-publish","4":"has-post-thumbnail","6":"product_cat-vorhange-aus-chenille","8":"first","9":"instock","10":"sale","11":"shipping-taxable","12":"purchasable","13":"product-type-simple"},"acf":[],"yoast_head":"<!-- This site is optimized with the Yoast SEO plugin v24.8.1 - https:\/\/yoast.com\/wordpress\/plugins\/seo\/ -->\n<title>Vorhang aus Double-Chenille | Tende &amp; More<\/title>\n<meta name=\"description\" content=\"Vorhang aus Chenille mit doppelter St\u00e4rke. Widerstandsf\u00e4hig, waschbar, einfach zu installieren. Der Vorhang f\u00fcr T\u00fcren Made in Italy: Zuhause, B\u00fcro, Gesch\u00e4fte, Wohnmobile, Au\u00dfenbereiche\" \/>\n<meta name=\"robots\" content=\"index, follow, max-snippet:-1, max-image-preview:large, max-video-preview:-1\" \/>\n<link rel=\"canonical\" href=\"https:\/\/www.tendeandmore.com\/de\/produkt\/double-chenille\/\" \/>\n<meta property=\"og:locale\" content=\"de_DE\" \/>\n<meta property=\"og:type\" content=\"article\" \/>\n<meta property=\"og:title\" content=\"Vorhang aus Double-Chenille | Tende &amp; More\" \/>\n<meta property=\"og:description\" content=\"Vorhang aus Chenille mit doppelter St\u00e4rke. Widerstandsf\u00e4hig, waschbar, einfach zu installieren. Der Vorhang f\u00fcr T\u00fcren Made in Italy: Zuhause, B\u00fcro, Gesch\u00e4fte, Wohnmobile, Au\u00dfenbereiche\" \/>\n<meta property=\"og:url\" content=\"https:\/\/www.tendeandmore.com\/de\/produkt\/double-chenille\/\" \/>\n<meta property=\"og:site_name\" content=\"Tende &amp; More\" \/>\n<meta property=\"article:modified_time\" content=\"2023-04-06T14:15:15+00:00\" \/>\n<meta property=\"og:image\" content=\"https:\/\/www.tendeandmore.com\/wp-content\/uploads\/ciniglia_double.jpg\" \/>\n\t<meta property=\"og:image:width\" content=\"800\" \/>\n\t<meta property=\"og:image:height\" content=\"600\" \/>\n\t<meta property=\"og:image:type\" content=\"image\/jpeg\" \/>\n<meta name=\"twitter:card\" content=\"summary_large_image\" \/>\n<meta name=\"twitter:label1\" content=\"Gesch\u00e4tzte Lesezeit\" \/>\n\t<meta name=\"twitter:data1\" content=\"2\u00a0Minuten\" \/>\n<script type=\"application\/ld+json\" class=\"yoast-schema-graph\">{\"@context\":\"https:\/\/schema.org\",\"@graph\":[{\"@type\":\"WebPage\",\"@id\":\"https:\/\/www.tendeandmore.com\/de\/produkt\/double-chenille\/\",\"url\":\"https:\/\/www.tendeandmore.com\/de\/produkt\/double-chenille\/\",\"name\":\"Vorhang aus Double-Chenille | Tende & More\",\"isPartOf\":{\"@id\":\"https:\/\/www.tendeandmore.com\/de\/#website\"},\"primaryImageOfPage\":{\"@id\":\"https:\/\/www.tendeandmore.com\/de\/produkt\/double-chenille\/#primaryimage\"},\"image\":{\"@id\":\"https:\/\/www.tendeandmore.com\/de\/produkt\/double-chenille\/#primaryimage\"},\"thumbnailUrl\":\"https:\/\/www.tendeandmore.com\/wp-content\/uploads\/ciniglia_double.jpg\",\"datePublished\":\"2019-12-27T17:25:21+00:00\",\"dateModified\":\"2023-04-06T14:15:15+00:00\",\"description\":\"Vorhang aus Chenille mit doppelter St\u00e4rke. Widerstandsf\u00e4hig, waschbar, einfach zu installieren. Der Vorhang f\u00fcr T\u00fcren Made in Italy: Zuhause, B\u00fcro, Gesch\u00e4fte, Wohnmobile, Au\u00dfenbereiche\",\"breadcrumb\":{\"@id\":\"https:\/\/www.tendeandmore.com\/de\/produkt\/double-chenille\/#breadcrumb\"},\"inLanguage\":\"de\",\"potentialAction\":[{\"@type\":\"ReadAction\",\"target\":[\"https:\/\/www.tendeandmore.com\/de\/produkt\/double-chenille\/\"]}]},{\"@type\":\"ImageObject\",\"inLanguage\":\"de\",\"@id\":\"https:\/\/www.tendeandmore.com\/de\/produkt\/double-chenille\/#primaryimage\",\"url\":\"https:\/\/www.tendeandmore.com\/wp-content\/uploads\/ciniglia_double.jpg\",\"contentUrl\":\"https:\/\/www.tendeandmore.com\/wp-content\/uploads\/ciniglia_double.jpg\",\"width\":800,\"height\":600},{\"@type\":\"BreadcrumbList\",\"@id\":\"https:\/\/www.tendeandmore.com\/de\/produkt\/double-chenille\/#breadcrumb\",\"itemListElement\":[{\"@type\":\"ListItem\",\"position\":1,\"name\":\"Unsere Vorh\u00e4nge\",\"item\":\"https:\/\/www.tendeandmore.com\/catalogo-tende\/\"},{\"@type\":\"ListItem\",\"position\":2,\"name\":\"Vorh\u00e4nge aus Chenille\",\"item\":\"https:\/\/www.tendeandmore.com\/de\/produkt-kategorie\/vorhange-aus-chenille\/\"},{\"@type\":\"ListItem\",\"position\":3,\"name\":\"Double-Chenille\"}]},{\"@type\":\"WebSite\",\"@id\":\"https:\/\/www.tendeandmore.com\/de\/#website\",\"url\":\"https:\/\/www.tendeandmore.com\/de\/\",\"name\":\"Tende &amp; More\",\"description\":\"\",\"publisher\":{\"@id\":\"https:\/\/www.tendeandmore.com\/de\/#organization\"},\"potentialAction\":[{\"@type\":\"SearchAction\",\"target\":{\"@type\":\"EntryPoint\",\"urlTemplate\":\"https:\/\/www.tendeandmore.com\/de\/?s={search_term_string}\"},\"query-input\":{\"@type\":\"PropertyValueSpecification\",\"valueRequired\":true,\"valueName\":\"search_term_string\"}}],\"inLanguage\":\"de\"},{\"@type\":\"Organization\",\"@id\":\"https:\/\/www.tendeandmore.com\/de\/#organization\",\"name\":\"Tende & More\",\"url\":\"https:\/\/www.tendeandmore.com\/de\/\",\"logo\":{\"@type\":\"ImageObject\",\"inLanguage\":\"de\",\"@id\":\"https:\/\/www.tendeandmore.com\/de\/#\/schema\/logo\/image\/\",\"url\":\"https:\/\/tendeandmore.com\/wp-content\/uploads\/logo-tendeandmore.svg\",\"contentUrl\":\"https:\/\/tendeandmore.com\/wp-content\/uploads\/logo-tendeandmore.svg\",\"width\":1,\"height\":1,\"caption\":\"Tende & More\"},\"image\":{\"@id\":\"https:\/\/www.tendeandmore.com\/de\/#\/schema\/logo\/image\/\"}}]}<\/script>\n<!-- \/ Yoast SEO plugin. -->","yoast_head_json":{"title":"Vorhang aus Double-Chenille | Tende & More","description":"Vorhang aus Chenille mit doppelter St\u00e4rke. Widerstandsf\u00e4hig, waschbar, einfach zu installieren. Der Vorhang f\u00fcr T\u00fcren Made in Italy: Zuhause, B\u00fcro, Gesch\u00e4fte, Wohnmobile, Au\u00dfenbereiche","robots":{"index":"index","follow":"follow","max-snippet":"max-snippet:-1","max-image-preview":"max-image-preview:large","max-video-preview":"max-video-preview:-1"},"canonical":"https:\/\/www.tendeandmore.com\/de\/produkt\/double-chenille\/","og_locale":"de_DE","og_type":"article","og_title":"Vorhang aus Double-Chenille | Tende & More","og_description":"Vorhang aus Chenille mit doppelter St\u00e4rke. Widerstandsf\u00e4hig, waschbar, einfach zu installieren. Der Vorhang f\u00fcr T\u00fcren Made in Italy: Zuhause, B\u00fcro, Gesch\u00e4fte, Wohnmobile, Au\u00dfenbereiche","og_url":"https:\/\/www.tendeandmore.com\/de\/produkt\/double-chenille\/","og_site_name":"Tende &amp; More","article_modified_time":"2023-04-06T14:15:15+00:00","og_image":[{"width":800,"height":600,"url":"https:\/\/www.tendeandmore.com\/wp-content\/uploads\/ciniglia_double.jpg","type":"image\/jpeg"}],"twitter_card":"summary_large_image","twitter_misc":{"Gesch\u00e4tzte Lesezeit":"2\u00a0Minuten"},"schema":{"@context":"https:\/\/schema.org","@graph":[{"@type":"WebPage","@id":"https:\/\/www.tendeandmore.com\/de\/produkt\/double-chenille\/","url":"https:\/\/www.tendeandmore.com\/de\/produkt\/double-chenille\/","name":"Vorhang aus Double-Chenille | Tende & More","isPartOf":{"@id":"https:\/\/www.tendeandmore.com\/de\/#website"},"primaryImageOfPage":{"@id":"https:\/\/www.tendeandmore.com\/de\/produkt\/double-chenille\/#primaryimage"},"image":{"@id":"https:\/\/www.tendeandmore.com\/de\/produkt\/double-chenille\/#primaryimage"},"thumbnailUrl":"https:\/\/www.tendeandmore.com\/wp-content\/uploads\/ciniglia_double.jpg","datePublished":"2019-12-27T17:25:21+00:00","dateModified":"2023-04-06T14:15:15+00:00","description":"Vorhang aus Chenille mit doppelter St\u00e4rke. Widerstandsf\u00e4hig, waschbar, einfach zu installieren. Der Vorhang f\u00fcr T\u00fcren Made in Italy: Zuhause, B\u00fcro, Gesch\u00e4fte, Wohnmobile, Au\u00dfenbereiche","breadcrumb":{"@id":"https:\/\/www.tendeandmore.com\/de\/produkt\/double-chenille\/#breadcrumb"},"inLanguage":"de","potentialAction":[{"@type":"ReadAction","target":["https:\/\/www.tendeandmore.com\/de\/produkt\/double-chenille\/"]}]},{"@type":"ImageObject","inLanguage":"de","@id":"https:\/\/www.tendeandmore.com\/de\/produkt\/double-chenille\/#primaryimage","url":"https:\/\/www.tendeandmore.com\/wp-content\/uploads\/ciniglia_double.jpg","contentUrl":"https:\/\/www.tendeandmore.com\/wp-content\/uploads\/ciniglia_double.jpg","width":800,"height":600},{"@type":"BreadcrumbList","@id":"https:\/\/www.tendeandmore.com\/de\/produkt\/double-chenille\/#breadcrumb","itemListElement":[{"@type":"ListItem","position":1,"name":"Unsere Vorh\u00e4nge","item":"https:\/\/www.tendeandmore.com\/catalogo-tende\/"},{"@type":"ListItem","position":2,"name":"Vorh\u00e4nge aus Chenille","item":"https:\/\/www.tendeandmore.com\/de\/produkt-kategorie\/vorhange-aus-chenille\/"},{"@type":"ListItem","position":3,"name":"Double-Chenille"}]},{"@type":"WebSite","@id":"https:\/\/www.tendeandmore.com\/de\/#website","url":"https:\/\/www.tendeandmore.com\/de\/","name":"Tende &amp; More","description":"","publisher":{"@id":"https:\/\/www.tendeandmore.com\/de\/#organization"},"potentialAction":[{"@type":"SearchAction","target":{"@type":"EntryPoint","urlTemplate":"https:\/\/www.tendeandmore.com\/de\/?s={search_term_string}"},"query-input":{"@type":"PropertyValueSpecification","valueRequired":true,"valueName":"search_term_string"}}],"inLanguage":"de"},{"@type":"Organization","@id":"https:\/\/www.tendeandmore.com\/de\/#organization","name":"Tende & More","url":"https:\/\/www.tendeandmore.com\/de\/","logo":{"@type":"ImageObject","inLanguage":"de","@id":"https:\/\/www.tendeandmore.com\/de\/#\/schema\/logo\/image\/","url":"https:\/\/tendeandmore.com\/wp-content\/uploads\/logo-tendeandmore.svg","contentUrl":"https:\/\/tendeandmore.com\/wp-content\/uploads\/logo-tendeandmore.svg","width":1,"height":1,"caption":"Tende & More"},"image":{"@id":"https:\/\/www.tendeandmore.com\/de\/#\/schema\/logo\/image\/"}}]}},"_links":{"self":[{"href":"https:\/\/www.tendeandmore.com\/de\/wp-json\/wp\/v2\/product\/4984","targetHints":{"allow":["GET"]}}],"collection":[{"href":"https:\/\/www.tendeandmore.com\/de\/wp-json\/wp\/v2\/product"}],"about":[{"href":"https:\/\/www.tendeandmore.com\/de\/wp-json\/wp\/v2\/types\/product"}],"replies":[{"embeddable":true,"href":"https:\/\/www.tendeandmore.com\/de\/wp-json\/wp\/v2\/comments?post=4984"}],"wp:featuredmedia":[{"embeddable":true,"href":"https:\/\/www.tendeandmore.com\/de\/wp-json\/wp\/v2\/media\/1941"}],"wp:attachment":[{"href":"https:\/\/www.tendeandmore.com\/de\/wp-json\/wp\/v2\/media?parent=4984"}],"wp:term":[{"taxonomy":"product_brand","embeddable":true,"href":"https:\/\/www.tendeandmore.com\/de\/wp-json\/wp\/v2\/product_brand?post=4984"},{"taxonomy":"product_cat","embeddable":true,"href":"https:\/\/www.tendeandmore.com\/de\/wp-json\/wp\/v2\/product_cat?post=4984"},{"taxonomy":"product_tag","embeddable":true,"href":"https:\/\/www.tendeandmore.com\/de\/wp-json\/wp\/v2\/product_tag?post=4984"}],"curies":[{"name":"wp","href":"https:\/\/api.w.org\/{rel}","templated":true}]}}