{"id":4985,"date":"2019-12-27T18:22:49","date_gmt":"2019-12-27T17:22:49","guid":{"rendered":"https:\/\/tendeandmore.com\/prodotto\/ciniglia-standard\/"},"modified":"2023-04-06T16:12:10","modified_gmt":"2023-04-06T14:12:10","slug":"standard-chenille","status":"publish","type":"product","link":"https:\/\/www.tendeandmore.com\/de\/produkt\/standard-chenille\/","title":{"rendered":"Standard-Chenille"},"content":{"rendered":"<h3 class=\"title-paragraph\">Beschreibung<\/h3>\n<p>Der Vorhang aus Standard-Chenille wurde vollst\u00e4ndig aus zu 100% recyclebaren Polypropylenfasern hergestellt. Er ist in runden Str\u00e4ngen mit einem Durchmesser von \u00d8 40 mm erh\u00e4ltlich. Leicht, weich und angenehm im Griff ist der Vorhang aus Chenille ein gro\u00dfartiger Klassiker der Einrichtung  Made in Italy. Er bel\u00fcftet und trennt die Innen- und Au\u00dfenr\u00e4ume mit einem Hauch von Stil und gestaltet die R\u00e4umlichkeiten einladender.  <\/p>\n<p>Der Vorhang aus Chenille ist einfach in der Waschmaschine zu waschen und ist dank der PVC-Schienen mit Haken f\u00fcr die Befestigung einfach und schnell zu installieren. Die Str\u00e4nge sch\u00fctzen vor Sonnenlicht, erm\u00f6glichen einen guten Luftaustausch und halten Fliegen, M\u00fccken und neugierige Blicke fern. <\/p>\n<h3 class=\"title-paragraph\">Personalisierung<\/h3>\n<p>Der Vorhang aus Chenille ist vollst\u00e4ndig konfigurierbar, um ihn Ihrem Geschmack und Ihren Bed\u00fcrfnissen anzupassen. Sie k\u00f6nnen aus Dutzenden Farben w\u00e4hlen, um Ihren Vorhang einzigartig zu machen und den R\u00e4umlichkeiten Ihren pers\u00f6nlichen Stil zu verleihen. Entdecken Sie die klassischen Farbt\u00f6ne oder lassen Sie sich von den farbenfrohen Kombinationen aus Streifen und Melange verf\u00fchren.    <\/p>\n<p>W\u00e4hlen Sie abschlie\u00dfend die Abmessungen und die Profile, die sich am besten dem Stil Ihres Vorhangs anpassen und de n\u00fctzlichsten Accessoires.     <\/p>\n<h3 class=\"title-paragraph\">Ideal f\u00fcr<\/h3>\n<p>Sich sowohl Innen- als auch Au\u00dfenr\u00e4umen anpassend findet der Vorhang aus Chenille in jeglicher Umgebung, in der es erforderlich ist, Bereiche mit einem funktionalen, effektiven und ansprechenden Einrichtungsgegenstand zu trennen, Anwendung. Er sch\u00fctzt H\u00e4user, Gesch\u00e4fte und Lagerr\u00e4ume vor Sonne und Insekten, er sch\u00fctzt die Privatsph\u00e4re und schafft eine angenehme und Atmosph\u00e4re.<\/p>\n<p>Er wird auch im Messesektor und im Theater eingesetzt und ist in der Gartenbranche und auf Campingpl\u00e4tzen sehr beliebt. Dort bietet er an den Eing\u00e4ngen von Wohnmobilen, Wohnwagen und Pavillons einen hervorragenden Schutz vor Sonne, Fliegen und M\u00fccken.<\/p>\n","protected":false},"excerpt":{"rendered":"<p>Der Vorhang aus Standard-Chenille wurde aus zu 100% recyclebaren Propylenfasern hergestellt: er ist ger\u00e4uschlos, angenehm im Griff, widerstandsf\u00e4hig und einfach zu waschen.  Er ist ideal, um Eing\u00e4nge vor Sonne, Insekten und neugierigen Blicken zu sch\u00fctzen.<\/p>\n","protected":false},"featured_media":1946,"comment_status":"open","ping_status":"closed","template":"","meta":[],"product_brand":[],"product_cat":[555],"product_tag":[],"class_list":{"0":"post-4985","1":"product","2":"type-product","3":"status-publish","4":"has-post-thumbnail","6":"product_cat-vorhange-aus-chenille","8":"first","9":"instock","10":"sale","11":"shipping-taxable","12":"purchasable","13":"product-type-simple"},"acf":[],"yoast_head":"<!-- This site is optimized with the Yoast SEO plugin v24.8.1 - https:\/\/yoast.com\/wordpress\/plugins\/seo\/ -->\n<title>Vorhang aus Standard-Chenille | Tende &amp; More<\/title>\n<meta name=\"description\" content=\"Vorhang aus Chenille 100% Polypropylen. Widerstandsf\u00e4hig, waschbar, einfach zu installieren. Der Vorhang f\u00fcr T\u00fcren Made in Italy: Zuhause, B\u00fcro, Gesch\u00e4fte, Wohnmobile, Au\u00dfenbereiche.\" \/>\n<meta name=\"robots\" content=\"index, follow, max-snippet:-1, max-image-preview:large, max-video-preview:-1\" \/>\n<link rel=\"canonical\" href=\"https:\/\/www.tendeandmore.com\/de\/produkt\/standard-chenille\/\" \/>\n<meta property=\"og:locale\" content=\"de_DE\" \/>\n<meta property=\"og:type\" content=\"article\" \/>\n<meta property=\"og:title\" content=\"Vorhang aus Standard-Chenille | Tende &amp; More\" \/>\n<meta property=\"og:description\" content=\"Vorhang aus Chenille 100% Polypropylen. Widerstandsf\u00e4hig, waschbar, einfach zu installieren. Der Vorhang f\u00fcr T\u00fcren Made in Italy: Zuhause, B\u00fcro, Gesch\u00e4fte, Wohnmobile, Au\u00dfenbereiche.\" \/>\n<meta property=\"og:url\" content=\"https:\/\/www.tendeandmore.com\/de\/produkt\/standard-chenille\/\" \/>\n<meta property=\"og:site_name\" content=\"Tende &amp; More\" \/>\n<meta property=\"article:modified_time\" content=\"2023-04-06T14:12:10+00:00\" \/>\n<meta property=\"og:image\" content=\"https:\/\/www.tendeandmore.com\/wp-content\/uploads\/ciniglia_standard.jpg\" \/>\n\t<meta property=\"og:image:width\" content=\"800\" \/>\n\t<meta property=\"og:image:height\" content=\"600\" \/>\n\t<meta property=\"og:image:type\" content=\"image\/jpeg\" \/>\n<meta name=\"twitter:card\" content=\"summary_large_image\" \/>\n<meta name=\"twitter:label1\" content=\"Gesch\u00e4tzte Lesezeit\" \/>\n\t<meta name=\"twitter:data1\" content=\"2\u00a0Minuten\" \/>\n<script type=\"application\/ld+json\" class=\"yoast-schema-graph\">{\"@context\":\"https:\/\/schema.org\",\"@graph\":[{\"@type\":\"WebPage\",\"@id\":\"https:\/\/www.tendeandmore.com\/de\/produkt\/standard-chenille\/\",\"url\":\"https:\/\/www.tendeandmore.com\/de\/produkt\/standard-chenille\/\",\"name\":\"Vorhang aus Standard-Chenille | Tende & More\",\"isPartOf\":{\"@id\":\"https:\/\/www.tendeandmore.com\/de\/#website\"},\"primaryImageOfPage\":{\"@id\":\"https:\/\/www.tendeandmore.com\/de\/produkt\/standard-chenille\/#primaryimage\"},\"image\":{\"@id\":\"https:\/\/www.tendeandmore.com\/de\/produkt\/standard-chenille\/#primaryimage\"},\"thumbnailUrl\":\"https:\/\/www.tendeandmore.com\/wp-content\/uploads\/ciniglia_standard.jpg\",\"datePublished\":\"2019-12-27T17:22:49+00:00\",\"dateModified\":\"2023-04-06T14:12:10+00:00\",\"description\":\"Vorhang aus Chenille 100% Polypropylen. Widerstandsf\u00e4hig, waschbar, einfach zu installieren. Der Vorhang f\u00fcr T\u00fcren Made in Italy: Zuhause, B\u00fcro, Gesch\u00e4fte, Wohnmobile, Au\u00dfenbereiche.\",\"breadcrumb\":{\"@id\":\"https:\/\/www.tendeandmore.com\/de\/produkt\/standard-chenille\/#breadcrumb\"},\"inLanguage\":\"de\",\"potentialAction\":[{\"@type\":\"ReadAction\",\"target\":[\"https:\/\/www.tendeandmore.com\/de\/produkt\/standard-chenille\/\"]}]},{\"@type\":\"ImageObject\",\"inLanguage\":\"de\",\"@id\":\"https:\/\/www.tendeandmore.com\/de\/produkt\/standard-chenille\/#primaryimage\",\"url\":\"https:\/\/www.tendeandmore.com\/wp-content\/uploads\/ciniglia_standard.jpg\",\"contentUrl\":\"https:\/\/www.tendeandmore.com\/wp-content\/uploads\/ciniglia_standard.jpg\",\"width\":800,\"height\":600},{\"@type\":\"BreadcrumbList\",\"@id\":\"https:\/\/www.tendeandmore.com\/de\/produkt\/standard-chenille\/#breadcrumb\",\"itemListElement\":[{\"@type\":\"ListItem\",\"position\":1,\"name\":\"Unsere Vorh\u00e4nge\",\"item\":\"https:\/\/www.tendeandmore.com\/catalogo-tende\/\"},{\"@type\":\"ListItem\",\"position\":2,\"name\":\"Vorh\u00e4nge aus Chenille\",\"item\":\"https:\/\/www.tendeandmore.com\/de\/produkt-kategorie\/vorhange-aus-chenille\/\"},{\"@type\":\"ListItem\",\"position\":3,\"name\":\"Standard-Chenille\"}]},{\"@type\":\"WebSite\",\"@id\":\"https:\/\/www.tendeandmore.com\/de\/#website\",\"url\":\"https:\/\/www.tendeandmore.com\/de\/\",\"name\":\"Tende &amp; More\",\"description\":\"\",\"publisher\":{\"@id\":\"https:\/\/www.tendeandmore.com\/de\/#organization\"},\"potentialAction\":[{\"@type\":\"SearchAction\",\"target\":{\"@type\":\"EntryPoint\",\"urlTemplate\":\"https:\/\/www.tendeandmore.com\/de\/?s={search_term_string}\"},\"query-input\":{\"@type\":\"PropertyValueSpecification\",\"valueRequired\":true,\"valueName\":\"search_term_string\"}}],\"inLanguage\":\"de\"},{\"@type\":\"Organization\",\"@id\":\"https:\/\/www.tendeandmore.com\/de\/#organization\",\"name\":\"Tende & More\",\"url\":\"https:\/\/www.tendeandmore.com\/de\/\",\"logo\":{\"@type\":\"ImageObject\",\"inLanguage\":\"de\",\"@id\":\"https:\/\/www.tendeandmore.com\/de\/#\/schema\/logo\/image\/\",\"url\":\"https:\/\/tendeandmore.com\/wp-content\/uploads\/logo-tendeandmore.svg\",\"contentUrl\":\"https:\/\/tendeandmore.com\/wp-content\/uploads\/logo-tendeandmore.svg\",\"width\":1,\"height\":1,\"caption\":\"Tende & More\"},\"image\":{\"@id\":\"https:\/\/www.tendeandmore.com\/de\/#\/schema\/logo\/image\/\"}}]}<\/script>\n<!-- \/ Yoast SEO plugin. -->","yoast_head_json":{"title":"Vorhang aus Standard-Chenille | Tende & More","description":"Vorhang aus Chenille 100% Polypropylen. Widerstandsf\u00e4hig, waschbar, einfach zu installieren. Der Vorhang f\u00fcr T\u00fcren Made in Italy: Zuhause, B\u00fcro, Gesch\u00e4fte, Wohnmobile, Au\u00dfenbereiche.","robots":{"index":"index","follow":"follow","max-snippet":"max-snippet:-1","max-image-preview":"max-image-preview:large","max-video-preview":"max-video-preview:-1"},"canonical":"https:\/\/www.tendeandmore.com\/de\/produkt\/standard-chenille\/","og_locale":"de_DE","og_type":"article","og_title":"Vorhang aus Standard-Chenille | Tende & More","og_description":"Vorhang aus Chenille 100% Polypropylen. Widerstandsf\u00e4hig, waschbar, einfach zu installieren. Der Vorhang f\u00fcr T\u00fcren Made in Italy: Zuhause, B\u00fcro, Gesch\u00e4fte, Wohnmobile, Au\u00dfenbereiche.","og_url":"https:\/\/www.tendeandmore.com\/de\/produkt\/standard-chenille\/","og_site_name":"Tende &amp; More","article_modified_time":"2023-04-06T14:12:10+00:00","og_image":[{"width":800,"height":600,"url":"https:\/\/www.tendeandmore.com\/wp-content\/uploads\/ciniglia_standard.jpg","type":"image\/jpeg"}],"twitter_card":"summary_large_image","twitter_misc":{"Gesch\u00e4tzte Lesezeit":"2\u00a0Minuten"},"schema":{"@context":"https:\/\/schema.org","@graph":[{"@type":"WebPage","@id":"https:\/\/www.tendeandmore.com\/de\/produkt\/standard-chenille\/","url":"https:\/\/www.tendeandmore.com\/de\/produkt\/standard-chenille\/","name":"Vorhang aus Standard-Chenille | Tende & More","isPartOf":{"@id":"https:\/\/www.tendeandmore.com\/de\/#website"},"primaryImageOfPage":{"@id":"https:\/\/www.tendeandmore.com\/de\/produkt\/standard-chenille\/#primaryimage"},"image":{"@id":"https:\/\/www.tendeandmore.com\/de\/produkt\/standard-chenille\/#primaryimage"},"thumbnailUrl":"https:\/\/www.tendeandmore.com\/wp-content\/uploads\/ciniglia_standard.jpg","datePublished":"2019-12-27T17:22:49+00:00","dateModified":"2023-04-06T14:12:10+00:00","description":"Vorhang aus Chenille 100% Polypropylen. Widerstandsf\u00e4hig, waschbar, einfach zu installieren. Der Vorhang f\u00fcr T\u00fcren Made in Italy: Zuhause, B\u00fcro, Gesch\u00e4fte, Wohnmobile, Au\u00dfenbereiche.","breadcrumb":{"@id":"https:\/\/www.tendeandmore.com\/de\/produkt\/standard-chenille\/#breadcrumb"},"inLanguage":"de","potentialAction":[{"@type":"ReadAction","target":["https:\/\/www.tendeandmore.com\/de\/produkt\/standard-chenille\/"]}]},{"@type":"ImageObject","inLanguage":"de","@id":"https:\/\/www.tendeandmore.com\/de\/produkt\/standard-chenille\/#primaryimage","url":"https:\/\/www.tendeandmore.com\/wp-content\/uploads\/ciniglia_standard.jpg","contentUrl":"https:\/\/www.tendeandmore.com\/wp-content\/uploads\/ciniglia_standard.jpg","width":800,"height":600},{"@type":"BreadcrumbList","@id":"https:\/\/www.tendeandmore.com\/de\/produkt\/standard-chenille\/#breadcrumb","itemListElement":[{"@type":"ListItem","position":1,"name":"Unsere Vorh\u00e4nge","item":"https:\/\/www.tendeandmore.com\/catalogo-tende\/"},{"@type":"ListItem","position":2,"name":"Vorh\u00e4nge aus Chenille","item":"https:\/\/www.tendeandmore.com\/de\/produkt-kategorie\/vorhange-aus-chenille\/"},{"@type":"ListItem","position":3,"name":"Standard-Chenille"}]},{"@type":"WebSite","@id":"https:\/\/www.tendeandmore.com\/de\/#website","url":"https:\/\/www.tendeandmore.com\/de\/","name":"Tende &amp; More","description":"","publisher":{"@id":"https:\/\/www.tendeandmore.com\/de\/#organization"},"potentialAction":[{"@type":"SearchAction","target":{"@type":"EntryPoint","urlTemplate":"https:\/\/www.tendeandmore.com\/de\/?s={search_term_string}"},"query-input":{"@type":"PropertyValueSpecification","valueRequired":true,"valueName":"search_term_string"}}],"inLanguage":"de"},{"@type":"Organization","@id":"https:\/\/www.tendeandmore.com\/de\/#organization","name":"Tende & More","url":"https:\/\/www.tendeandmore.com\/de\/","logo":{"@type":"ImageObject","inLanguage":"de","@id":"https:\/\/www.tendeandmore.com\/de\/#\/schema\/logo\/image\/","url":"https:\/\/tendeandmore.com\/wp-content\/uploads\/logo-tendeandmore.svg","contentUrl":"https:\/\/tendeandmore.com\/wp-content\/uploads\/logo-tendeandmore.svg","width":1,"height":1,"caption":"Tende & More"},"image":{"@id":"https:\/\/www.tendeandmore.com\/de\/#\/schema\/logo\/image\/"}}]}},"_links":{"self":[{"href":"https:\/\/www.tendeandmore.com\/de\/wp-json\/wp\/v2\/product\/4985","targetHints":{"allow":["GET"]}}],"collection":[{"href":"https:\/\/www.tendeandmore.com\/de\/wp-json\/wp\/v2\/product"}],"about":[{"href":"https:\/\/www.tendeandmore.com\/de\/wp-json\/wp\/v2\/types\/product"}],"replies":[{"embeddable":true,"href":"https:\/\/www.tendeandmore.com\/de\/wp-json\/wp\/v2\/comments?post=4985"}],"wp:featuredmedia":[{"embeddable":true,"href":"https:\/\/www.tendeandmore.com\/de\/wp-json\/wp\/v2\/media\/1946"}],"wp:attachment":[{"href":"https:\/\/www.tendeandmore.com\/de\/wp-json\/wp\/v2\/media?parent=4985"}],"wp:term":[{"taxonomy":"product_brand","embeddable":true,"href":"https:\/\/www.tendeandmore.com\/de\/wp-json\/wp\/v2\/product_brand?post=4985"},{"taxonomy":"product_cat","embeddable":true,"href":"https:\/\/www.tendeandmore.com\/de\/wp-json\/wp\/v2\/product_cat?post=4985"},{"taxonomy":"product_tag","embeddable":true,"href":"https:\/\/www.tendeandmore.com\/de\/wp-json\/wp\/v2\/product_tag?post=4985"}],"curies":[{"name":"wp","href":"https:\/\/api.w.org\/{rel}","templated":true}]}}